{"id":847,"date":"2016-03-07T12:45:19","date_gmt":"2016-03-07T12:45:19","guid":{"rendered":"http:\/\/poscardio.sites.uff.br\/?page_id=847"},"modified":"2019-10-09T14:57:26","modified_gmt":"2019-10-09T14:57:26","slug":"847-2","status":"publish","type":"page","link":"http:\/\/poscardio.sites.uff.br\/?page_id=847","title":{"rendered":"Parcerias"},"content":{"rendered":"<p><a href=\"http:\/\/www.ioc.fiocruz.br\/pages\/departamentos\/departamento__fisiologiaFarmacodinamica.htm\">D<\/a><a href=\"http:\/\/www.ioc.fiocruz.br\/pages\/departamentos\/departamento__fisiologiaFarmacodinamica.htm\">epartamento de Fisiologia e Farmacodin\u00e2mica &#8211; Funda\u00e7\u00e3o Oswaldo Cruz (RJ)<\/a><\/p>\n<p><a href=\"https:\/\/duke.edu\/about\/\">Duke University (Durham, EUA)<\/a><\/p>\n<p><a href=\"https:\/\/www.hcancerbarretos.com.br\/\">Funda\u00e7\u00e3o Pio XII &#8211; Hospital de C\u00e2ncer de Barretos (SP)<\/a><\/p>\n<p><a href=\"http:\/\/www.procardiaco.com.br\/\">Hospital Pr\u00f3-Card\u00edaco (RJ)<\/a><\/p>\n<p><a href=\"http:\/\/www.incor.usp.br\/sites\/incor2013\/\">Instituto do Cora\u00e7\u00e3o (Incor) &#8211; Universidade de S\u00e3o Paulo (USP)<\/a><\/p>\n<p><a href=\"https:\/\/inc.saude.gov.br\/\">Instituto Nacional de Cardiologia (INC)<\/a><\/p>\n<p><a href=\"https:\/\/www.mayoclinic.org\/about-mayo-clinic\">Mayo Clinic Foundation (Rochester, EUA)<\/a><\/p>\n<p><a href=\"http:\/\/www.ufrgs.br\/ppgcardiologia\">Programa de p\u00f3s-gradua\u00e7\u00e3o em cardiologia e ci\u00eancias cardiovasculares &#8211; Faculdade de Medicina da Universidade Federal do Rio Grande do Sul (UFRGS)<\/a><\/p>\n<p><a href=\"http:\/\/www.pcm.icb.ufrj.br\/portal\/\">Programa de p\u00f3s-gradua\u00e7\u00e3o em Ci\u00eancias Morfol\u00f3gicas &#8211; Universidade Federal do Rio de Janeiro (UFRJ)<\/a><\/p>\n<p><a href=\"http:\/\/www.fisclinex.uerj.br\/\">Programa de p\u00f3s-gradua\u00e7\u00e3o em Fisiopatologia Cl\u00ednica e Experimental &#8211; Universidade do Estado do Rio de Janeiro (UERJ)<\/a><\/p>\n<p><a href=\"http:\/\/www.saude.niteroi.rj.gov.br\/\">Secretaria de Sa\u00fade &#8211; Prefeitura Municipal de Niter\u00f3i (RJ)<\/a><\/p>\n<p><a href=\"https:\/\/www.unibs.it\/\">Universit\u00e0 degli Studi di Brescia (Br\u00e9scia, It\u00e1lia)<\/a><\/p>\n<p><a href=\"https:\/\/www.unimi.it\/it\">Universidade de Mil\u00e3o (Mil\u00e3o, It\u00e1lia)<\/a><\/p>\n<p><a href=\"https:\/\/utswmed.org\/\">University of Texas Southwestern Medical Center at Dallas (Dallas, EUA)<\/a><\/p>\n","protected":false},"excerpt":{"rendered":"<p>Departamento de Fisiologia e Farmacodin\u00e2mica &#8211; Funda\u00e7\u00e3o Oswaldo Cruz (RJ) Duke University (Durham, EUA) Funda\u00e7\u00e3o Pio XII &#8211; Hospital de C\u00e2ncer de Barretos (SP) Hospital Pr\u00f3-Card\u00edaco (RJ) Instituto do Cora\u00e7\u00e3o (Incor) &#8211; Universidade de S\u00e3o Paulo (USP) Instituto Nacional de Cardiologia (INC) Mayo Clinic Foundation (Rochester, EUA) Programa de p\u00f3s-gradua\u00e7\u00e3o em cardiologia e ci\u00eancias cardiovasculares [&hellip;]<\/p>\n","protected":false},"author":3,"featured_media":0,"parent":0,"menu_order":0,"comment_status":"closed","ping_status":"closed","template":"","meta":{"_exactmetrics_skip_tracking":false,"_exactmetrics_sitenote_active":false,"_exactmetrics_sitenote_note":"","_exactmetrics_sitenote_category":0,"footnotes":""},"categories":[],"tags":[],"class_list":["post-847","page","type-page","status-publish","hentry"],"_links":{"self":[{"href":"http:\/\/poscardio.sites.uff.br\/index.php?rest_route=\/wp\/v2\/pages\/847","targetHints":{"allow":["GET"]}}],"collection":[{"href":"http:\/\/poscardio.sites.uff.br\/index.php?rest_route=\/wp\/v2\/pages"}],"about":[{"href":"http:\/\/poscardio.sites.uff.br\/index.php?rest_route=\/wp\/v2\/types\/page"}],"author":[{"embeddable":true,"href":"http:\/\/poscardio.sites.uff.br\/index.php?rest_route=\/wp\/v2\/users\/3"}],"replies":[{"embeddable":true,"href":"http:\/\/poscardio.sites.uff.br\/index.php?rest_route=%2Fwp%2Fv2%2Fcomments&post=847"}],"version-history":[{"count":18,"href":"http:\/\/poscardio.sites.uff.br\/index.php?rest_route=\/wp\/v2\/pages\/847\/revisions"}],"predecessor-version":[{"id":4595,"href":"http:\/\/poscardio.sites.uff.br\/index.php?rest_route=\/wp\/v2\/pages\/847\/revisions\/4595"}],"wp:attachment":[{"href":"http:\/\/poscardio.sites.uff.br\/index.php?rest_route=%2Fwp%2Fv2%2Fmedia&parent=847"}],"wp:term":[{"taxonomy":"category","embeddable":true,"href":"http:\/\/poscardio.sites.uff.br\/index.php?rest_route=%2Fwp%2Fv2%2Fcategories&post=847"},{"taxonomy":"post_tag","embeddable":true,"href":"http:\/\/poscardio.sites.uff.br\/index.php?rest_route=%2Fwp%2Fv2%2Ftags&post=847"}],"curies":[{"name":"wp","href":"https:\/\/api.w.org\/{rel}","templated":true}]}}