{"id":789,"date":"2016-03-04T13:47:15","date_gmt":"2016-03-04T13:47:15","guid":{"rendered":"http:\/\/poscardio.sites.uff.br\/?page_id=789"},"modified":"2025-02-14T12:15:45","modified_gmt":"2025-02-14T12:15:45","slug":"bancas-pre-aprovadas-2","status":"publish","type":"page","link":"http:\/\/poscardio.sites.uff.br\/?page_id=789","title":{"rendered":"Bancas pr\u00e9-aprovadas"},"content":{"rendered":"<h1>Procedimentos para agendamento de defesa e pr\u00e9-defesa<\/h1>\n<div>Solicitamos a aten\u00e7\u00e3o para orienta\u00e7\u00f5es quanto aos procedimentos para agendar defesa e pr\u00e9-defesa definidos pelo colegiado do PPGCCV.<\/div>\n<div><\/div>\n<div><b>1. Indicar membros titulares e suplente para aprecia\u00e7\u00e3o pelo colegiado via encaminhamento de formul\u00e1rio pr\u00f3prio devidamente preenchido, ou selecionar pesquisadores pr\u00e9-aprovados pelo mesmo. A lista com os nomes pr\u00e9-aprovados encontra-se abaixo.<\/b><\/div>\n<div><\/div>\n<div>\n<div>Formul\u00e1rio para indica\u00e7\u00e3o de banca de pr\u00e9-defesa e defesa de mestrado e doutorado:<\/div>\n<div><a href=\"https:\/\/forms.gle\/m4N76DcMbY1J31iS9\" target=\"_blank\" rel=\"noopener\" data-saferedirecturl=\"https:\/\/www.google.com\/url?q=https:\/\/forms.gle\/m4N76DcMbY1J31iS9&amp;source=gmail&amp;ust=1708609220616000&amp;usg=AOvVaw3C7GD_mxazphqYombhlWeQ\">https:\/\/forms.gle\/m4N76DcMbY1J31iS9<\/a><\/div>\n<\/div>\n<div><\/div>\n<div>Formul\u00e1rio para agendamento de pr\u00e9-defesa de mestrado e doutorado:<\/p>\n<div><a href=\"https:\/\/forms.gle\/8A1A1vsRzfxJt2Kw7\" target=\"_blank\" rel=\"noopener\" data-saferedirecturl=\"https:\/\/www.google.com\/url?q=https:\/\/forms.gle\/8A1A1vsRzfxJt2Kw7&amp;source=gmail&amp;ust=1708609220616000&amp;usg=AOvVaw3FWeBrdK8-x8fRxoRn9178\">https:\/\/forms.gle\/8A1A1vsRzfxJt2Kw7<\/a><\/div>\n<div><\/div>\n<div>Formul\u00e1rio para agendamento de defesa de mestrado e doutorado:<\/div>\n<div><a href=\"https:\/\/forms.gle\/QPQ5fcMye9P7FwYP8\" target=\"_blank\" rel=\"noopener\" data-saferedirecturl=\"https:\/\/www.google.com\/url?q=https:\/\/forms.gle\/QPQ5fcMye9P7FwYP8&amp;source=gmail&amp;ust=1708609220616000&amp;usg=AOvVaw24kg1MxeuGal1OLaOQE2aj\">https:\/\/forms.gle\/QPQ5fcMye9P7FwYP8<\/a><\/div>\n<div><\/div>\n<div><\/div>\n<\/div>\n<div><b>2. As bancas devem ter necessariamente as seguintes composi\u00e7\u00f5es:<\/b><\/div>\n<div><\/div>\n<div><u>PR\u00c9-DEFESA<\/u><\/div>\n<div>&#8211; Mestrado: Orientador; 01 membro titular PGCCV (revisor); 02 membros titulares externos;\u00a0 01 suplente interno + 1 suplente externo.<\/div>\n<div>&#8211; Doutorado: Orientador; 02 membros titulares PGCCV (revisor); 02 membros titulares externos, 01 suplente interno+ 1 suplente externo.<\/div>\n<div><\/div>\n<div><u>DEFESA<\/u><\/div>\n<div>&#8211; Mestrado: Orientador; 01 membro titular PGCCV (revisor); 02 membros titulares externos*; 01 suplente interno + 1 suplente externo<\/div>\n<div>&#8211; Doutorado: Orientador; 02 membros titulares PGCCV (revisor); 02 membros titulares externos*; 01 suplente interno + 1 suplente externo<\/div>\n<div>*Pelo menos um deve ser externo \u00e0 UFF e n\u00e3o somente ao PPGCCV<\/div>\n<div><\/div>\n<div><b><b>3. <\/b><\/b><span style=\"color: initial\">Em conson\u00e2ncia com o Regimento da P\u00f3s-Gradua\u00e7\u00e3o e decis\u00f5es colegiadas:<\/span><\/p>\n<div><\/div>\n<div>\n<div>Para o agendamento da defesa de Mestrado, ser\u00e1 exigida a submiss\u00e3o de artigo referente ao tema da disserta\u00e7\u00e3o em peri\u00f3dico cient\u00edfico indexado Qualis A, onde o aluno \u00e9 o 1\u00ba autor e o orientador \u00e9 o \u00faltimo ou pen\u00faltimo autor;<\/div>\n<div><\/div>\n<div>Para o agendamento da defesa de Doutorado, ser\u00e1 exigido(a): (1) artigo original qualis A vinculado \u00e0 tese ACEITO, onde o aluno \u00e9 o 1\u00ba autor e o orientador \u00e9 o \u00faltimo ou pen\u00faltimo autor OU (2) artigo qualis A PUBLICADO (n\u00e3o derivado do seu mestrado), onde o aluno \u00e9 o 1\u00ba autor + artigo original Qualis A vinculado \u00e0 tese SUBMETIDO, onde o aluno \u00e9 o 1\u00ba autor (com o orientador como pen\u00faltimo ou \u00faltimo autor em ambos os casos) OU (3) dep\u00f3sito de patentes nacional ou internacional, ou registro de produto ou inova\u00e7\u00e3o tecnol\u00f3gica que esteja no nome do aluno (que ele seja o propriet\u00e1rio), com o orientador como colaborador, vinculado \u00e0 tese.<\/div>\n<div><\/div>\n<div>Para defender, o aluno dever\u00e1 ter cursado todas as mat\u00e9rias obrigat\u00f3rias e a toda a carga hor\u00e1ria de disciplinas optativas exigida para titula\u00e7\u00e3o (Mestrado = 60h \/ Doutorado = 240h de optativas).<\/div>\n<div><\/div>\n<\/div>\n<\/div>\n<div><b>\u00a0<\/b><\/div>\n<div><b>4. O formul\u00e1rio de agendamento de defesa\/pr\u00e9-defesa dever\u00e1 ser preenchido com <span style=\"color: #ff6600\">anteced\u00eancia m\u00ednima de 15 dias \u00fateis<\/span> para que a mesma realize o convite formal\u00a0\u00e0 banca e providencie os documentos que permitir\u00e3o o registro e a valida\u00e7\u00e3o da atividade.\u00a0 \u00a0<\/b><\/div>\n<div><\/div>\n<div><i>\u00c9 importante salientar que o n\u00e3o cumprimento dos procedimentos acima descritos podem invalidar a defesa\/pr\u00e9-defesa.<\/i><\/div>\n<div><\/div>\n<h1>\n<table id=\"tablepress-1\" class=\"tablepress tablepress-id-1\">\n<thead>\n<tr class=\"row-1\">\n\t<th class=\"column-1\">Professores externos ao Programa<\/th><th class=\"column-2\">In\u00edcio<\/th><th class=\"column-3\">Fim<\/th>\n<\/tr>\n<\/thead>\n<tbody class=\"row-striping row-hover\">\n<tr class=\"row-2\">\n\t<td class=\"column-1\">Adrian Midgley<\/td><td class=\"column-2\">21\/02\/25<\/td><td class=\"column-3\">21\/02\/28<\/td>\n<\/tr>\n<tr class=\"row-3\">\n\t<td class=\"column-1\">Adriano Gomes da Cruz<\/td><td class=\"column-2\">22\/12\/22<\/td><td class=\"column-3\">22\/12\/25<\/td>\n<\/tr>\n<tr class=\"row-4\">\n\t<td class=\"column-1\">Alessandra Choqueta de Toledo Arruda<\/td><td class=\"column-2\">28\/09\/23<\/td><td class=\"column-3\">28\/09\/26<\/td>\n<\/tr>\n<tr class=\"row-5\">\n\t<td class=\"column-1\">Allan Robson Kluser Sales <\/td><td class=\"column-2\">25\/04\/23<\/td><td class=\"column-3\">25\/04\/26<\/td>\n<\/tr>\n<tr class=\"row-6\">\n\t<td class=\"column-1\">Andr\u00e9 Luiz Musmanno Branco Oliveira <\/td><td class=\"column-2\">29\/01\/25<\/td><td class=\"column-3\">29\/01\/28<\/td>\n<\/tr>\n<tr class=\"row-7\">\n\t<td class=\"column-1\">Andrea Araujo Brandao<\/td><td class=\"column-2\">27\/11\/24<\/td><td class=\"column-3\">27\/11\/27<\/td>\n<\/tr>\n<tr class=\"row-8\">\n\t<td class=\"column-1\">Andr\u00e9a Ribeiro Soares<\/td><td class=\"column-2\">27\/02\/24<\/td><td class=\"column-3\">27\/02\/27<\/td>\n<\/tr>\n<tr class=\"row-9\">\n\t<td class=\"column-1\">Anissa Daliry<\/td><td class=\"column-2\">25\/05\/23<\/td><td class=\"column-3\">25\/05\/26<\/td>\n<\/tr>\n<tr class=\"row-10\">\n\t<td class=\"column-1\">Antonio Carlos Palandri Chagas<\/td><td class=\"column-2\">31\/10\/23<\/td><td class=\"column-3\">31\/10\/26<\/td>\n<\/tr>\n<tr class=\"row-11\">\n\t<td class=\"column-1\">Aurora Felice Castro Issa<\/td><td class=\"column-2\">27\/02\/24<\/td><td class=\"column-3\">27\/02\/27<\/td>\n<\/tr>\n<tr class=\"row-12\">\n\t<td class=\"column-1\">Bianca Martins Greg\u00f3rio<\/td><td class=\"column-2\">27\/02\/24<\/td><td class=\"column-3\">27\/02\/27<\/td>\n<\/tr>\n<tr class=\"row-13\">\n\t<td class=\"column-1\">Claudia Maria Forjaz<\/td><td class=\"column-2\">28\/09\/23<\/td><td class=\"column-3\">28\/09\/26<\/td>\n<\/tr>\n<tr class=\"row-14\">\n\t<td class=\"column-1\">Cristiane Matsuura<\/td><td class=\"column-2\">27\/06\/23<\/td><td class=\"column-3\">27\/06\/26<\/td>\n<\/tr>\n<tr class=\"row-15\">\n\t<td class=\"column-1\">D'Angelo Carlo Magliano<\/td><td class=\"column-2\">05\/09\/23<\/td><td class=\"column-3\">05\/09\/26<\/td>\n<\/tr>\n<tr class=\"row-16\">\n\t<td class=\"column-1\">Dayane Teixeira Ognibene<\/td><td class=\"column-2\">25\/06\/24<\/td><td class=\"column-3\">25\/06\/27<\/td>\n<\/tr>\n<tr class=\"row-17\">\n\t<td class=\"column-1\">Dayse Mary da Silva Correia<\/td><td class=\"column-2\">31\/10\/23<\/td><td class=\"column-3\">31\/10\/26<\/td>\n<\/tr>\n<tr class=\"row-18\">\n\t<td class=\"column-1\">Denilson Campos de Albuquerque<\/td><td class=\"column-2\">19\/05\/25<\/td><td class=\"column-3\">19\/05\/28<\/td>\n<\/tr>\n<tr class=\"row-19\">\n\t<td class=\"column-1\">Denise Mafra<\/td><td class=\"column-2\">05\/09\/23<\/td><td class=\"column-3\">05\/09\/26<\/td>\n<\/tr>\n<tr class=\"row-20\">\n\t<td class=\"column-1\">Diana Mar\u00eda Mart\u00ednez Cer\u00f3n<\/td><td class=\"column-2\">30\/01\/25<\/td><td class=\"column-3\">30\/01\/28<\/td>\n<\/tr>\n<tr class=\"row-21\">\n\t<td class=\"column-1\">Eduardo Borba Neves<\/td><td class=\"column-2\">28\/09\/23<\/td><td class=\"column-3\">28\/09\/26<\/td>\n<\/tr>\n<tr class=\"row-22\">\n\t<td class=\"column-1\">Eduardo Nani Silva<\/td><td class=\"column-2\">25\/08\/22<\/td><td class=\"column-3\">25\/08\/25<\/td>\n<\/tr>\n<tr class=\"row-23\">\n\t<td class=\"column-1\">Elisa Maia dos Santos<\/td><td class=\"column-2\">27\/10\/22<\/td><td class=\"column-3\">27\/10\/25<\/td>\n<\/tr>\n<tr class=\"row-24\">\n\t<td class=\"column-1\">Erica Patricia Garcia de Souza<\/td><td class=\"column-2\">27\/06\/23<\/td><td class=\"column-3\">27\/06\/26<\/td>\n<\/tr>\n<tr class=\"row-25\">\n\t<td class=\"column-1\">Erivelton Alessandro do Nascimento<\/td><td class=\"column-2\">30\/11\/23<\/td><td class=\"column-3\">30\/11\/26<\/td>\n<\/tr>\n<tr class=\"row-26\">\n\t<td class=\"column-1\">Fabio de Souza<\/td><td class=\"column-2\">27\/02\/24<\/td><td class=\"column-3\">27\/02\/27<\/td>\n<\/tr>\n<tr class=\"row-27\">\n\t<td class=\"column-1\">Felipe Amorim da Cunha<\/td><td class=\"column-2\">28\/09\/23<\/td><td class=\"column-3\">28\/09\/26<\/td>\n<\/tr>\n<tr class=\"row-28\">\n\t<td class=\"column-1\">Felipe Rizzetto Santos<\/td><td class=\"column-2\">31\/10\/23<\/td><td class=\"column-3\">31\/10\/26<\/td>\n<\/tr>\n<tr class=\"row-29\">\n\t<td class=\"column-1\">Fernando Silva Guimar\u00e3es<\/td><td class=\"column-2\">22\/12\/22<\/td><td class=\"column-3\">22\/12\/25<\/td>\n<\/tr>\n<tr class=\"row-30\">\n\t<td class=\"column-1\">Flavia Porto Melo Ferreira <\/td><td class=\"column-2\">21\/02\/25<\/td><td class=\"column-3\">21\/02\/28<\/td>\n<\/tr>\n<tr class=\"row-31\">\n\t<td class=\"column-1\">Gabriel Cordeiro Camargo<\/td><td class=\"column-2\">27\/02\/24<\/td><td class=\"column-3\">27\/02\/27<\/td>\n<\/tr>\n<tr class=\"row-32\">\n\t<td class=\"column-1\">Gisele Fernandes Taboada<\/td><td class=\"column-2\">05\/09\/23<\/td><td class=\"column-3\">05\/09\/26<\/td>\n<\/tr>\n<tr class=\"row-33\">\n\t<td class=\"column-1\">Glaucia Maria Moraes de Oliveira<\/td><td class=\"column-2\">30\/11\/23<\/td><td class=\"column-3\">30\/11\/26<\/td>\n<\/tr>\n<tr class=\"row-34\">\n\t<td class=\"column-1\">Grazielle de Bem<\/td><td class=\"column-2\">27\/02\/24<\/td><td class=\"column-3\">27\/02\/27<\/td>\n<\/tr>\n<tr class=\"row-35\">\n\t<td class=\"column-1\">Helena Cramer Veiga Rey<\/td><td class=\"column-2\">05\/09\/23<\/td><td class=\"column-3\">05\/09\/26<\/td>\n<\/tr>\n<tr class=\"row-36\">\n\t<td class=\"column-1\">Jader Cunha de Azevedo<\/td><td class=\"column-2\">30\/11\/23<\/td><td class=\"column-3\">30\/11\/26<\/td>\n<\/tr>\n<tr class=\"row-37\">\n\t<td class=\"column-1\">Jemima Fuentes Ribeiro da Silva<\/td><td class=\"column-2\">25\/06\/24<\/td><td class=\"column-3\">25\/06\/27<\/td>\n<\/tr>\n<tr class=\"row-38\">\n\t<td class=\"column-1\">Jorge Paulo Strogoff de Matos<\/td><td class=\"column-2\">25\/04\/23<\/td><td class=\"column-3\">25\/04\/26<\/td>\n<\/tr>\n<tr class=\"row-39\">\n\t<td class=\"column-1\">Juliana de Lima Lopes<\/td><td class=\"column-2\">27\/06\/23<\/td><td class=\"column-3\">27\/06\/26<\/td>\n<\/tr>\n<tr class=\"row-40\">\n\t<td class=\"column-1\">Juliana de Melo Vellozo Pereira Tinoco<\/td><td class=\"column-2\">27\/06\/23<\/td><td class=\"column-3\">27\/06\/26<\/td>\n<\/tr>\n<tr class=\"row-41\">\n\t<td class=\"column-1\"> Juliana Pereira Borges<\/td><td class=\"column-2\">28\/09\/23<\/td><td class=\"column-3\">28\/09\/26<\/td>\n<\/tr>\n<tr class=\"row-42\">\n\t<td class=\"column-1\">Juliana Serafim da Silveira<\/td><td class=\"column-2\">05\/09\/23<\/td><td class=\"column-3\">05\/09\/26<\/td>\n<\/tr>\n<tr class=\"row-43\">\n\t<td class=\"column-1\">Julio Cesar Fraulob Aquino <\/td><td class=\"column-2\">27\/05\/25<\/td><td class=\"column-3\">27\/05\/28<\/td>\n<\/tr>\n<tr class=\"row-44\">\n\t<td class=\"column-1\">Karen de Jesus Oliveira<\/td><td class=\"column-2\">27\/06\/23<\/td><td class=\"column-3\">27\/06\/26<\/td>\n<\/tr>\n<tr class=\"row-45\">\n\t<td class=\"column-1\">Livia de Almeida Alvarenga<\/td><td class=\"column-2\">31\/10\/23<\/td><td class=\"column-3\">31\/10\/26<\/td>\n<\/tr>\n<tr class=\"row-46\">\n\t<td class=\"column-1\">Luana Vieira Toledo<\/td><td class=\"column-2\">27\/06\/23<\/td><td class=\"column-3\">27\/06\/26<\/td>\n<\/tr>\n<tr class=\"row-47\">\n\t<td class=\"column-1\">Lusiele Guaraldo<\/td><td class=\"column-2\">31\/10\/23<\/td><td class=\"column-3\">31\/10\/26<\/td>\n<\/tr>\n<tr class=\"row-48\">\n\t<td class=\"column-1\">Marcelle de Paula Ribeiro<\/td><td class=\"column-2\">28\/09\/23<\/td><td class=\"column-3\">28\/09\/26<\/td>\n<\/tr>\n<tr class=\"row-49\">\n\t<td class=\"column-1\">Mario Fritsch Toros Neves <\/td><td class=\"column-2\">25\/04\/23<\/td><td class=\"column-3\">25\/04\/26<\/td>\n<\/tr>\n<tr class=\"row-50\">\n\t<td class=\"column-1\">Matheus Reis Hausen <\/td><td class=\"column-2\">21\/02\/25<\/td><td class=\"column-3\">21\/02\/28<\/td>\n<\/tr>\n<tr class=\"row-51\">\n\t<td class=\"column-1\">Monica Maria Pena Quint\u00e3o<\/td><td class=\"column-2\">22\/12\/22<\/td><td class=\"column-3\">22\/12\/25<\/td>\n<\/tr>\n<tr class=\"row-52\">\n\t<td class=\"column-1\">Natalia Alvarenga Borges <\/td><td class=\"column-2\">31\/10\/23<\/td><td class=\"column-3\">31\/10\/26<\/td>\n<\/tr>\n<tr class=\"row-53\">\n\t<td class=\"column-1\">Paulo Henrique Rosado de Castro<\/td><td class=\"column-2\">25\/04\/23<\/td><td class=\"column-3\">25\/04\/26<\/td>\n<\/tr>\n<tr class=\"row-54\">\n\t<td class=\"column-1\">Renata Christian Martins Felix <\/td><td class=\"column-2\">25\/04\/23<\/td><td class=\"column-3\">25\/04\/26<\/td>\n<\/tr>\n<tr class=\"row-55\">\n\t<td class=\"column-1\">Ricardo Mourilhe Rocha <\/td><td class=\"column-2\">19\/05\/25<\/td><td class=\"column-3\">19\/05\/28<\/td>\n<\/tr>\n<tr class=\"row-56\">\n\t<td class=\"column-1\">Sandra Mary Lima Vasconcelos<\/td><td class=\"column-2\">28\/02\/23<\/td><td class=\"column-3\">28\/02\/26<\/td>\n<\/tr>\n<tr class=\"row-57\">\n\t<td class=\"column-1\">Sara Lucia Silveira de Menezes <\/td><td class=\"column-2\">30\/01\/25<\/td><td class=\"column-3\">30\/01\/28<\/td>\n<\/tr>\n<tr class=\"row-58\">\n\t<td class=\"column-1\">Sergio Gir\u00e3o Barroso<\/td><td class=\"column-2\">28\/02\/23<\/td><td class=\"column-3\">28\/02\/26<\/td>\n<\/tr>\n<tr class=\"row-59\">\n\t<td class=\"column-1\">Sofia Kimi Uehara<\/td><td class=\"column-2\">27\/10\/22<\/td><td class=\"column-3\">27\/10\/25<\/td>\n<\/tr>\n<tr class=\"row-60\">\n\t<td class=\"column-1\">Thais Bento Bernardes<\/td><td class=\"column-2\">25\/06\/24<\/td><td class=\"column-3\">25\/06\/27<\/td>\n<\/tr>\n<tr class=\"row-61\">\n\t<td class=\"column-1\">Tiago Pe\u00e7anha de Oliveira<\/td><td class=\"column-2\">28\/09\/23<\/td><td class=\"column-3\">28\/09\/26<\/td>\n<\/tr>\n<tr class=\"row-62\">\n\t<td class=\"column-1\">Wanise Maria de Souza Cruz<\/td><td class=\"column-2\">27\/10\/22<\/td><td class=\"column-3\">27\/10\/25<\/td>\n<\/tr>\n<\/tbody>\n<\/table>\n<!-- #tablepress-1 from cache --><\/h1>\n<h1><\/h1>\n<h1><span style=\"color: #ff0000\">\u00a0<\/span><\/h1>\n","protected":false},"excerpt":{"rendered":"<p>Procedimentos para agendamento de defesa e pr\u00e9-defesa Solicitamos a aten\u00e7\u00e3o para orienta\u00e7\u00f5es quanto aos procedimentos para agendar defesa e pr\u00e9-defesa definidos pelo colegiado do PPGCCV. 1. Indicar membros titulares e suplente para aprecia\u00e7\u00e3o pelo colegiado via encaminhamento de formul\u00e1rio pr\u00f3prio devidamente preenchido, ou selecionar pesquisadores pr\u00e9-aprovados pelo mesmo. A lista com os nomes pr\u00e9-aprovados encontra-se [&hellip;]<\/p>\n","protected":false},"author":3,"featured_media":0,"parent":0,"menu_order":0,"comment_status":"closed","ping_status":"closed","template":"","meta":{"_exactmetrics_skip_tracking":false,"_exactmetrics_sitenote_active":false,"_exactmetrics_sitenote_note":"","_exactmetrics_sitenote_category":0,"footnotes":""},"categories":[],"tags":[],"class_list":["post-789","page","type-page","status-publish","hentry"],"_links":{"self":[{"href":"http:\/\/poscardio.sites.uff.br\/index.php?rest_route=\/wp\/v2\/pages\/789","targetHints":{"allow":["GET"]}}],"collection":[{"href":"http:\/\/poscardio.sites.uff.br\/index.php?rest_route=\/wp\/v2\/pages"}],"about":[{"href":"http:\/\/poscardio.sites.uff.br\/index.php?rest_route=\/wp\/v2\/types\/page"}],"author":[{"embeddable":true,"href":"http:\/\/poscardio.sites.uff.br\/index.php?rest_route=\/wp\/v2\/users\/3"}],"replies":[{"embeddable":true,"href":"http:\/\/poscardio.sites.uff.br\/index.php?rest_route=%2Fwp%2Fv2%2Fcomments&post=789"}],"version-history":[{"count":28,"href":"http:\/\/poscardio.sites.uff.br\/index.php?rest_route=\/wp\/v2\/pages\/789\/revisions"}],"predecessor-version":[{"id":7262,"href":"http:\/\/poscardio.sites.uff.br\/index.php?rest_route=\/wp\/v2\/pages\/789\/revisions\/7262"}],"wp:attachment":[{"href":"http:\/\/poscardio.sites.uff.br\/index.php?rest_route=%2Fwp%2Fv2%2Fmedia&parent=789"}],"wp:term":[{"taxonomy":"category","embeddable":true,"href":"http:\/\/poscardio.sites.uff.br\/index.php?rest_route=%2Fwp%2Fv2%2Fcategories&post=789"},{"taxonomy":"post_tag","embeddable":true,"href":"http:\/\/poscardio.sites.uff.br\/index.php?rest_route=%2Fwp%2Fv2%2Ftags&post=789"}],"curies":[{"name":"wp","href":"https:\/\/api.w.org\/{rel}","templated":true}]}}