{"id":7441,"date":"2025-06-26T19:52:09","date_gmt":"2025-06-26T19:52:09","guid":{"rendered":"http:\/\/poscardio.sites.uff.br\/?page_id=7441"},"modified":"2025-06-26T19:52:09","modified_gmt":"2025-06-26T19:52:09","slug":"o-case-amiloidose-cardiaca-2","status":"publish","type":"page","link":"http:\/\/poscardio.sites.uff.br\/?page_id=7441","title":{"rendered":"O CASE Amiloidose Card\u00edaca"},"content":{"rendered":"\n<p>A nossa P\u00f3s-Gradua\u00e7\u00e3o em Ci\u00eancias Cardiovasculares nasceu em 1985 com compromisso em estudar e formar novos L\u00edderes nas Doen\u00e7as Mioc\u00e1rdicas (MIOCARDIOPATIAS ) empregando a Ecocardiografia, estudo Hemodin\u00e2mico Invasivo \/BI\u00d3PSIA ENDOMIOC\u00c1RDICA e Microscopia Eletr\u00f4nica \u2013 recebemos na \u00e9poca um aparelho de Cintilografia Mioc\u00e1rdica.<\/p>\n\n\n\n<p>Ao fazermos o doutorado no INCOR-USP com o Prof. Charles Mady, criamos as bases para a colabora\u00e7\u00e3o cient\u00edfica e a forma\u00e7\u00e3o de novos doutores e avan\u00e7amos para a Nota 4 e, enfim, o doutorado.<\/p>\n\n\n\n<p>O Prof. Antonio Claudio Lucas da N\u00f3brega viabilizou a aquisi\u00e7\u00e3o da Cintilografia Mioc\u00e1rdica e o Prof. Claudio Tinoco Mesquita assumiu o Servi\u00e7o de Medicina Nuclear. Come\u00e7amos a colaborar com a Neurologia e as Pesquisas em Amiloidose Card\u00edaca, que geraram teses e uma nova gera\u00e7\u00e3o de um ciclo virtuoso teve seu in\u00edcio.<\/p>\n\n\n\n<h2 class=\"wp-block-heading\">O in\u00edcio<\/h2>\n\n\n\n<figure class=\"wp-block-image\"><img loading=\"lazy\" decoding=\"async\" width=\"1024\" height=\"573\" src=\"http:\/\/poscardio.sites.uff.br\/wp-content\/uploads\/sites\/3\/2022\/11\/o-inicio-1024x573.jpg\" alt=\"\" class=\"wp-image-5916\" srcset=\"http:\/\/poscardio.sites.uff.br\/wp-content\/uploads\/sites\/3\/2022\/11\/o-inicio-1024x573.jpg 1024w, http:\/\/poscardio.sites.uff.br\/wp-content\/uploads\/sites\/3\/2022\/11\/o-inicio-300x168.jpg 300w, http:\/\/poscardio.sites.uff.br\/wp-content\/uploads\/sites\/3\/2022\/11\/o-inicio-768x430.jpg 768w, http:\/\/poscardio.sites.uff.br\/wp-content\/uploads\/sites\/3\/2022\/11\/o-inicio.jpg 1307w\" sizes=\"auto, (max-width: 1024px) 100vw, 1024px\" \/><\/figure>\n\n\n\n<figure class=\"wp-block-image\"><img loading=\"lazy\" decoding=\"async\" width=\"1024\" height=\"538\" src=\"http:\/\/poscardio.sites.uff.br\/wp-content\/uploads\/sites\/3\/2022\/11\/O-inicio-2-1024x538.jpg\" alt=\"\" class=\"wp-image-5917\" srcset=\"http:\/\/poscardio.sites.uff.br\/wp-content\/uploads\/sites\/3\/2022\/11\/O-inicio-2-1024x538.jpg 1024w, http:\/\/poscardio.sites.uff.br\/wp-content\/uploads\/sites\/3\/2022\/11\/O-inicio-2-300x157.jpg 300w, http:\/\/poscardio.sites.uff.br\/wp-content\/uploads\/sites\/3\/2022\/11\/O-inicio-2-768x403.jpg 768w, http:\/\/poscardio.sites.uff.br\/wp-content\/uploads\/sites\/3\/2022\/11\/O-inicio-2.jpg 1404w\" sizes=\"auto, (max-width: 1024px) 100vw, 1024px\" \/><\/figure>\n\n\n\n<figure class=\"wp-block-image\"><img loading=\"lazy\" decoding=\"async\" width=\"1024\" height=\"586\" src=\"http:\/\/poscardio.sites.uff.br\/wp-content\/uploads\/sites\/3\/2022\/11\/relato-de-caso-amiloidose-1024x586.jpg\" alt=\"\" class=\"wp-image-5918\" srcset=\"http:\/\/poscardio.sites.uff.br\/wp-content\/uploads\/sites\/3\/2022\/11\/relato-de-caso-amiloidose-1024x586.jpg 1024w, http:\/\/poscardio.sites.uff.br\/wp-content\/uploads\/sites\/3\/2022\/11\/relato-de-caso-amiloidose-300x172.jpg 300w, http:\/\/poscardio.sites.uff.br\/wp-content\/uploads\/sites\/3\/2022\/11\/relato-de-caso-amiloidose-768x439.jpg 768w, http:\/\/poscardio.sites.uff.br\/wp-content\/uploads\/sites\/3\/2022\/11\/relato-de-caso-amiloidose.jpg 1255w\" sizes=\"auto, (max-width: 1024px) 100vw, 1024px\" \/><\/figure>\n\n\n\n<p>Hoje, somos refer\u00eancia na Pesquisa, Ensino, Assist\u00eancia e Inova\u00e7\u00e3o em colabora\u00e7\u00e3o com hospitais&nbsp;privados, o que tornou poss\u00edvel fazer pesquisa com novos Tratamentos \u2013 RNA de interfer\u00eancia (Estudo Apolo B), criar o Centro de Amiloidose em Niter\u00f3i, elaborar um livro pr\u00e9-lan\u00e7ado na \u00faltima sexta-feira (25\/11\/2022) sob a lideran\u00e7a de uma l\u00edder de alta performance, a Doutoranda do PPGCCV Diane \u00c1vila, orientanda do Prof. Humberto Villacorta Junior, com profissionais&nbsp; de excel\u00eancia do pa\u00eds e do exterior.<\/p>\n\n\n\n<figure class=\"wp-block-image\"><img loading=\"lazy\" decoding=\"async\" width=\"560\" height=\"700\" src=\"http:\/\/poscardio.sites.uff.br\/wp-content\/uploads\/sites\/3\/2022\/11\/Livro-Diane-2.jpg\" alt=\"\" class=\"wp-image-5920\" srcset=\"http:\/\/poscardio.sites.uff.br\/wp-content\/uploads\/sites\/3\/2022\/11\/Livro-Diane-2.jpg 560w, http:\/\/poscardio.sites.uff.br\/wp-content\/uploads\/sites\/3\/2022\/11\/Livro-Diane-2-240x300.jpg 240w\" sizes=\"auto, (max-width: 560px) 100vw, 560px\" \/><figcaption><strong>Livro pr\u00e9-lan\u00e7ado na \u00faltima sexta-feira (25\/11\/2022) sob a lideran\u00e7a da doutoranda do PPGCCV, Diane \u00c1vila<\/strong><\/figcaption><\/figure>\n\n\n\n<p>Al\u00e9m disso, passamos a pesquisar e educar pacientes e o p\u00fablico leigo em doen\u00e7as RARAS e ULTRA-RARAS \u2013 nosso ambulat\u00f3rio de Cardiogen\u00e9tica e a parceria com a RENOMICA.<\/p>\n\n\n\n<p>Nossos alunos de MD-PhD estiveram no SUMMIT INTERNACIONAL nos dias 25 e 26\/11\/2022, com diversos professores da nossa P\u00f3s-Gradua\u00e7\u00e3o e ex-alunos e m\u00e9dicos da Cardiologia da UFF, participando e interagindo com o maior Centro do Mundo de Amiloidose \u2013 o Mayo Clinic, e tamb\u00e9m nos posicionando na Doen\u00e7a de Fabry.<\/p>\n\n\n\n<h2 class=\"wp-block-heading\">O evento\u2026<\/h2>\n\n\n\n<figure class=\"wp-block-image\"><img loading=\"lazy\" decoding=\"async\" width=\"1024\" height=\"537\" src=\"http:\/\/poscardio.sites.uff.br\/wp-content\/uploads\/sites\/3\/2022\/11\/Evento-Diane-1-1024x537.jpg\" alt=\"\" class=\"wp-image-5928\" srcset=\"http:\/\/poscardio.sites.uff.br\/wp-content\/uploads\/sites\/3\/2022\/11\/Evento-Diane-1-1024x537.jpg 1024w, http:\/\/poscardio.sites.uff.br\/wp-content\/uploads\/sites\/3\/2022\/11\/Evento-Diane-1-300x157.jpg 300w, http:\/\/poscardio.sites.uff.br\/wp-content\/uploads\/sites\/3\/2022\/11\/Evento-Diane-1-768x403.jpg 768w, http:\/\/poscardio.sites.uff.br\/wp-content\/uploads\/sites\/3\/2022\/11\/Evento-Diane-1.jpg 1079w\" sizes=\"auto, (max-width: 1024px) 100vw, 1024px\" \/><\/figure>\n\n\n\n<figure class=\"wp-block-image\"><img loading=\"lazy\" decoding=\"async\" width=\"559\" height=\"1024\" src=\"http:\/\/poscardio.sites.uff.br\/wp-content\/uploads\/sites\/3\/2022\/11\/Programacao-evento-Diane-1-1-559x1024.jpg\" alt=\"\" class=\"wp-image-5929\" srcset=\"http:\/\/poscardio.sites.uff.br\/wp-content\/uploads\/sites\/3\/2022\/11\/Programacao-evento-Diane-1-1-559x1024.jpg 559w, http:\/\/poscardio.sites.uff.br\/wp-content\/uploads\/sites\/3\/2022\/11\/Programacao-evento-Diane-1-1-164x300.jpg 164w, http:\/\/poscardio.sites.uff.br\/wp-content\/uploads\/sites\/3\/2022\/11\/Programacao-evento-Diane-1-1-768x1407.jpg 768w, http:\/\/poscardio.sites.uff.br\/wp-content\/uploads\/sites\/3\/2022\/11\/Programacao-evento-Diane-1-1-839x1536.jpg 839w, http:\/\/poscardio.sites.uff.br\/wp-content\/uploads\/sites\/3\/2022\/11\/Programacao-evento-Diane-1-1.jpg 957w\" sizes=\"auto, (max-width: 559px) 100vw, 559px\" \/><\/figure>\n\n\n\n<figure class=\"wp-block-image\"><img loading=\"lazy\" decoding=\"async\" width=\"546\" height=\"1024\" src=\"http:\/\/poscardio.sites.uff.br\/wp-content\/uploads\/sites\/3\/2022\/11\/Programacao-evento-Diane-2-1-546x1024.jpg\" alt=\"\" class=\"wp-image-5930\" srcset=\"http:\/\/poscardio.sites.uff.br\/wp-content\/uploads\/sites\/3\/2022\/11\/Programacao-evento-Diane-2-1-546x1024.jpg 546w, http:\/\/poscardio.sites.uff.br\/wp-content\/uploads\/sites\/3\/2022\/11\/Programacao-evento-Diane-2-1-160x300.jpg 160w, http:\/\/poscardio.sites.uff.br\/wp-content\/uploads\/sites\/3\/2022\/11\/Programacao-evento-Diane-2-1-768x1441.jpg 768w, http:\/\/poscardio.sites.uff.br\/wp-content\/uploads\/sites\/3\/2022\/11\/Programacao-evento-Diane-2-1-818x1536.jpg 818w, http:\/\/poscardio.sites.uff.br\/wp-content\/uploads\/sites\/3\/2022\/11\/Programacao-evento-Diane-2-1.jpg 950w\" sizes=\"auto, (max-width: 546px) 100vw, 546px\" \/><\/figure>\n\n\n\n<figure class=\"wp-block-image\"><img loading=\"lazy\" decoding=\"async\" width=\"768\" height=\"1024\" src=\"http:\/\/poscardio.sites.uff.br\/wp-content\/uploads\/sites\/3\/2022\/11\/Aurea-Grippa-768x1024.jpg\" alt=\"\" class=\"wp-image-5919\" srcset=\"http:\/\/poscardio.sites.uff.br\/wp-content\/uploads\/sites\/3\/2022\/11\/Aurea-Grippa-768x1024.jpg 768w, http:\/\/poscardio.sites.uff.br\/wp-content\/uploads\/sites\/3\/2022\/11\/Aurea-Grippa-225x300.jpg 225w, http:\/\/poscardio.sites.uff.br\/wp-content\/uploads\/sites\/3\/2022\/11\/Aurea-Grippa-1152x1536.jpg 1152w, http:\/\/poscardio.sites.uff.br\/wp-content\/uploads\/sites\/3\/2022\/11\/Aurea-Grippa.jpg 1200w\" sizes=\"auto, (max-width: 768px) 100vw, 768px\" \/><figcaption><strong>Aurea L\u00facia Alves de Azevedo Grippa de Souza, Doutoranda e Mestre em Ci\u00eancias Cardiovasculares pela UFF<\/strong><\/figcaption><\/figure>\n\n\n\n<figure class=\"wp-block-image\"><img loading=\"lazy\" decoding=\"async\" width=\"733\" height=\"980\" src=\"http:\/\/poscardio.sites.uff.br\/wp-content\/uploads\/sites\/3\/2022\/11\/diane-1.jpg\" alt=\"\" class=\"wp-image-5921\" srcset=\"http:\/\/poscardio.sites.uff.br\/wp-content\/uploads\/sites\/3\/2022\/11\/diane-1.jpg 733w, http:\/\/poscardio.sites.uff.br\/wp-content\/uploads\/sites\/3\/2022\/11\/diane-1-224x300.jpg 224w\" sizes=\"auto, (max-width: 733px) 100vw, 733px\" \/><figcaption><strong>Prof. Evandro Tinoco Mesquita, Prof. Humberto Villacorta Junior e a doutoranda do PPGCCV Diane \u00c1vila<\/strong><\/figcaption><\/figure>\n\n\n\n<figure class=\"wp-block-image\"><img loading=\"lazy\" decoding=\"async\" width=\"739\" height=\"973\" src=\"http:\/\/poscardio.sites.uff.br\/wp-content\/uploads\/sites\/3\/2022\/11\/diane-2.jpg\" alt=\"\" class=\"wp-image-5922\" srcset=\"http:\/\/poscardio.sites.uff.br\/wp-content\/uploads\/sites\/3\/2022\/11\/diane-2.jpg 739w, http:\/\/poscardio.sites.uff.br\/wp-content\/uploads\/sites\/3\/2022\/11\/diane-2-228x300.jpg 228w\" sizes=\"auto, (max-width: 739px) 100vw, 739px\" \/><figcaption><strong>A aluna do MD-PhD da UFF, Eduarda Corr\u00eaa Maia, a doutoranda Diane \u00c1vila e o Coordenador do PPGCCV, Prof. Evandro Tinoco Mesquita<\/strong><\/figcaption><\/figure>\n\n\n\n<figure class=\"wp-block-image\"><img loading=\"lazy\" decoding=\"async\" width=\"1024\" height=\"522\" src=\"http:\/\/poscardio.sites.uff.br\/wp-content\/uploads\/sites\/3\/2022\/11\/summit.jpg\" alt=\"\" class=\"wp-image-5931\" srcset=\"http:\/\/poscardio.sites.uff.br\/wp-content\/uploads\/sites\/3\/2022\/11\/summit.jpg 1024w, http:\/\/poscardio.sites.uff.br\/wp-content\/uploads\/sites\/3\/2022\/11\/summit-300x153.jpg 300w, http:\/\/poscardio.sites.uff.br\/wp-content\/uploads\/sites\/3\/2022\/11\/summit-768x392.jpg 768w\" sizes=\"auto, (max-width: 1024px) 100vw, 1024px\" \/><figcaption><strong>Summit of Rare diseases: Special Topics in Amyloidosis e Fabry, coordenado pela doutoranda Diane Avila<\/strong><\/figcaption><\/figure>\n\n\n\n<p>Em breve, receberemos um novo e mais moderno aparelho de Cintilografia doado pela Ag\u00eancia Mundial de Energia At\u00f4mica\/OMS ao Professor Cl\u00e1udio Tinoco para darmos continuidade \u00e0s Pesquisas em AMILOIDOSE, e o Professor Alair Sarmet tem sido incans\u00e1vel para acelerar as obras no Hospital Universit\u00e1rio Antonio Pedro.<\/p>\n\n\n\n<p>A nossa P\u00f3s-Gradua\u00e7\u00e3o hoje tem um olhar para o Presente \u2013 consolidar a Nota 5 \u2013 e estruturar e planejar o caminho para a Nota 6.<\/p>\n\n\n\n<p>A Amiloidose \u00e9 um grande modelo de doen\u00e7a que ser\u00e1 curada nas pr\u00f3ximas d\u00e9cadas o primeiro Modelo de Medicina de Precis\u00e3o em Cardiologia, e precisamos investir em colabora\u00e7\u00f5es, pois muitas perguntas sem resposta como a Wild-type dos seus mecanismos, epigen\u00e9tica, alimentos, estilo de vida\u2026<\/p>\n\n\n\n<p>Todos s\u00e3o indispens\u00e1veis nessa \u00e1rea onde recursos crescem para a pesquisa das 10.000 DOEN\u00c7AS RARAS e hoje acredita-se que menos de 10% tem algum tratamento modificador de doen\u00e7a.<\/p>\n","protected":false},"excerpt":{"rendered":"<p>A nossa P\u00f3s-Gradua\u00e7\u00e3o em Ci\u00eancias Cardiovasculares nasceu em 1985 com compromisso em estudar e formar novos L\u00edderes nas Doen\u00e7as Mioc\u00e1rdicas (MIOCARDIOPATIAS ) empregando a Ecocardiografia, estudo Hemodin\u00e2mico Invasivo \/BI\u00d3PSIA ENDOMIOC\u00c1RDICA e Microscopia Eletr\u00f4nica \u2013 recebemos na \u00e9poca um aparelho de Cintilografia Mioc\u00e1rdica. Ao fazermos o doutorado no INCOR-USP com o Prof. Charles Mady, criamos as [&hellip;]<\/p>\n","protected":false},"author":3,"featured_media":0,"parent":0,"menu_order":0,"comment_status":"closed","ping_status":"closed","template":"","meta":{"_exactmetrics_skip_tracking":false,"_exactmetrics_sitenote_active":false,"_exactmetrics_sitenote_note":"","_exactmetrics_sitenote_category":0,"footnotes":""},"categories":[],"tags":[],"class_list":["post-7441","page","type-page","status-publish","hentry"],"_links":{"self":[{"href":"http:\/\/poscardio.sites.uff.br\/index.php?rest_route=\/wp\/v2\/pages\/7441","targetHints":{"allow":["GET"]}}],"collection":[{"href":"http:\/\/poscardio.sites.uff.br\/index.php?rest_route=\/wp\/v2\/pages"}],"about":[{"href":"http:\/\/poscardio.sites.uff.br\/index.php?rest_route=\/wp\/v2\/types\/page"}],"author":[{"embeddable":true,"href":"http:\/\/poscardio.sites.uff.br\/index.php?rest_route=\/wp\/v2\/users\/3"}],"replies":[{"embeddable":true,"href":"http:\/\/poscardio.sites.uff.br\/index.php?rest_route=%2Fwp%2Fv2%2Fcomments&post=7441"}],"version-history":[{"count":1,"href":"http:\/\/poscardio.sites.uff.br\/index.php?rest_route=\/wp\/v2\/pages\/7441\/revisions"}],"predecessor-version":[{"id":7443,"href":"http:\/\/poscardio.sites.uff.br\/index.php?rest_route=\/wp\/v2\/pages\/7441\/revisions\/7443"}],"wp:attachment":[{"href":"http:\/\/poscardio.sites.uff.br\/index.php?rest_route=%2Fwp%2Fv2%2Fmedia&parent=7441"}],"wp:term":[{"taxonomy":"category","embeddable":true,"href":"http:\/\/poscardio.sites.uff.br\/index.php?rest_route=%2Fwp%2Fv2%2Fcategories&post=7441"},{"taxonomy":"post_tag","embeddable":true,"href":"http:\/\/poscardio.sites.uff.br\/index.php?rest_route=%2Fwp%2Fv2%2Ftags&post=7441"}],"curies":[{"name":"wp","href":"https:\/\/api.w.org\/{rel}","templated":true}]}}