{"id":7405,"date":"2025-06-26T18:10:05","date_gmt":"2025-06-26T18:10:05","guid":{"rendered":"http:\/\/poscardio.sites.uff.br\/?page_id=7405"},"modified":"2025-06-26T18:13:03","modified_gmt":"2025-06-26T18:13:03","slug":"linhas-de-pesquisa-e-docentes","status":"publish","type":"page","link":"http:\/\/poscardio.sites.uff.br\/?page_id=7405","title":{"rendered":"Linhas de Pesquisa e Docentes"},"content":{"rendered":"\n<table id=\"tablepress-4\" class=\"tablepress tablepress-id-4\">\n<thead>\n<tr class=\"row-1\">\n\t<th class=\"column-1\">Linha de pesquisa<\/th><th class=\"column-2\">\u00c1rea de Concentra\u00e7\u00e3o<\/th><th class=\"column-3\">Professores respons\u00e1veis<\/th>\n<\/tr>\n<\/thead>\n<tbody class=\"row-striping row-hover\">\n<tr class=\"row-2\">\n\t<td class=\"column-1\">Biologia Molecular e Farmacogen\u00e9tica do Sistema Cardiovascular<\/td><td class=\"column-2\">Ci\u00eancias Biom\u00e9dicas<\/td><td class=\"column-3\">- Milena Barcza <br \/>\n- Thereza Cristina Lonzetti<\/td>\n<\/tr>\n<tr class=\"row-3\">\n\t<td class=\"column-1\">Biomarcadores e Interven\u00e7\u00f5es em Orovalvulopatias <\/td><td class=\"column-2\">Cardiologia<\/td><td class=\"column-3\">- Giovani Carlo Verissimo da Costa<br \/>\n- Humberto Villacorta Junior<\/td>\n<\/tr>\n<tr class=\"row-4\">\n\t<td class=\"column-1\">Disfun\u00e7\u00e3o Mec\u00e2nica Prim\u00e1ria e Secund\u00e1ria do Cora\u00e7\u00e3o<\/td><td class=\"column-2\">Cardiologia<\/td><td class=\"column-3\">-Claudio Tinoco Mesquita<br \/>\n- Evandro Tinoco Mesquita <br \/>\n- Ronaldo Gismondi<br \/>\n- Wolney de Andrade<br \/>\n<\/td>\n<\/tr>\n<tr class=\"row-5\">\n\t<td class=\"column-1\">Eletrofisiologia e Mecanismos das Arritmias Card\u00edacas<\/td><td class=\"column-2\">Cardiologia<\/td><td class=\"column-3\">- Ademir da Cunha<\/td>\n<\/tr>\n<tr class=\"row-6\">\n\t<td class=\"column-1\">Fisiologia Integrativa Cardiovascular<\/td><td class=\"column-2\">Cardiologia<\/td><td class=\"column-3\">- Antonio Claudio Lucas da N\u00f3brega<br \/>\n- Christianne Bretas<br \/>\n- Claudio Tinoco Mesquita<br \/>\n- Dalmo Machado<br \/>\n- Eliza Prodel<br \/>\n- Gabriel Dias <br \/>\n- Helena Naly Miguens Rocha<br \/>\n- Pedro Paulo Soares<\/td>\n<\/tr>\n<tr class=\"row-7\">\n\t<td class=\"column-1\">Fun\u00e7\u00e3o e Disfun\u00e7\u00e3o Auton\u00f4mica Cardiovascular<\/td><td class=\"column-2\">Ci\u00eancias Biom\u00e9dicas<\/td><td class=\"column-3\">- Antonio Claudio Lucas da N\u00f3brega<br \/>\n- Christianne Bretas<br \/>\n- Gabriel Dias<br \/>\n- Helena Naly Miguens Rocha <br \/>\n- Natalia Galito<br \/>\n- Pedro Paulo Soares<\/td>\n<\/tr>\n<tr class=\"row-8\">\n\t<td class=\"column-1\">Hipertens\u00e3o Arterial Sist\u00eamica Resistente<\/td><td class=\"column-2\">Cardiologia<\/td><td class=\"column-3\">- Ronaldo Gismondi<br \/>\n- Grazielle Huguenin<\/td>\n<\/tr>\n<tr class=\"row-9\">\n\t<td class=\"column-1\">Inflama\u00e7\u00e3o nas Doen\u00e7as Cardiovasculares<\/td><td class=\"column-2\">Cardiologia<\/td><td class=\"column-3\">- Claudio Tinoco Mesquita<br \/>\n- Ludmila Cardozo<br \/>\n- Grazielle Huguenin<\/td>\n<\/tr>\n<tr class=\"row-10\">\n\t<td class=\"column-1\">Insufici\u00eancia Card\u00edaca<\/td><td class=\"column-2\">Cardiologia<\/td><td class=\"column-3\">- Evandro Tinoco Mesquita<br \/>\n- Humberto Villacorta <\/td>\n<\/tr>\n<tr class=\"row-11\">\n\t<td class=\"column-1\">Intera\u00e7\u00e3o entre os M\u00e9todos de Imagens Cardiovasculares e Psiquiatria<\/td><td class=\"column-2\">Cardiologia<\/td><td class=\"column-3\">- Claudio Tinoco Mesquita<br \/>\n- Erito Marques<br \/>\n- Alair Augusto Sarmet Moreira Damas Dos Santos<\/td>\n<\/tr>\n<tr class=\"row-12\">\n\t<td class=\"column-1\">Mecanismos Fisiopatol\u00f3gicos e Epidemiologia da Aterosclerose Coronariana<\/td><td class=\"column-2\">Cardiologia<\/td><td class=\"column-3\">- Claudio Tinoco Mesquita<br \/>\n- Milena Barcza<br \/>\n- Ronaldo Gismondi<br \/>\n- Grazielle Huguenin<\/td>\n<\/tr>\n<tr class=\"row-13\">\n\t<td class=\"column-1\">M\u00e9todos  Computacionais aplicados \u00e0 Imagem<\/td><td class=\"column-2\">Cardiologia<\/td><td class=\"column-3\">- Claudio Tinoco Mesquita<br \/>\n- Erito Marques<br \/>\n- Alair Augusto Sarmet Moreira Damas Dos Santos<\/td>\n<\/tr>\n<tr class=\"row-14\">\n\t<td class=\"column-1\">Modula\u00e7\u00e3o Hormonal e Controle Metab\u00f3lico do Sistema Cardiovascular<\/td><td class=\"column-2\">Ci\u00eancias Biom\u00e9dicas<\/td><td class=\"column-3\">- Antonio Claudio Lucas da N\u00f3brega<br \/>\n- Beatriz Alexandre dos Santos<br \/>\n- Caroline Fernandes<br \/>\n- Christianne Bretas<br \/>\n- Eliete Frantz<br \/>\n- Gabrielle Rocha<br \/>\n-Helena Naly Miguens Rocha<br \/>\n- Ludmila Cardozo<br \/>\n- Nat\u00e1lia Galito<br \/>\n- Renata Frauches<br \/>\n- Thereza Bargut<\/td>\n<\/tr>\n<tr class=\"row-15\">\n\t<td class=\"column-1\">Projeto Cardio-Neuro-Metab\u00f3lico-Renal Familiar em Niter\u00f3i<\/td><td class=\"column-2\">Ci\u00eancias Biom\u00e9dicas<\/td><td class=\"column-3\">- Milena Barcza<\/td>\n<\/tr>\n<tr class=\"row-16\">\n\t<td class=\"column-1\">Receptores de Membrana e Segundos Mensageiros do Sistema Cardiovascular<\/td><td class=\"column-2\">Ci\u00eancias Biom\u00e9dicas<\/td><td class=\"column-3\">- Christianne Bretas<br \/>\n- Fernanda Carla de Brito<br \/>\n<\/td>\n<\/tr>\n<tr class=\"row-17\">\n\t<td class=\"column-1\">Respostas e Adapta\u00e7\u00f5es Cardiorrespirat\u00f3rias ao Exerc\u00edcio<\/td><td class=\"column-2\">Ci\u00eancias Biom\u00e9dicas<\/td><td class=\"column-3\">- Antonio Claudio Lucas da N\u00f3brega<br \/>\n- Gabriel Dias<br \/>\n- Helena Naly Miguens Rocha<br \/>\n- Natalia Galito<br \/>\n- Pedro Paulo Soares<br \/>\n<br \/>\n<\/td>\n<\/tr>\n<\/tbody>\n<\/table>\n<!-- #tablepress-4 from cache -->\n","protected":false},"excerpt":{"rendered":"","protected":false},"author":3,"featured_media":0,"parent":0,"menu_order":0,"comment_status":"closed","ping_status":"closed","template":"","meta":{"_exactmetrics_skip_tracking":false,"_exactmetrics_sitenote_active":false,"_exactmetrics_sitenote_note":"","_exactmetrics_sitenote_category":0,"footnotes":""},"categories":[],"tags":[],"class_list":["post-7405","page","type-page","status-publish","hentry"],"_links":{"self":[{"href":"http:\/\/poscardio.sites.uff.br\/index.php?rest_route=\/wp\/v2\/pages\/7405","targetHints":{"allow":["GET"]}}],"collection":[{"href":"http:\/\/poscardio.sites.uff.br\/index.php?rest_route=\/wp\/v2\/pages"}],"about":[{"href":"http:\/\/poscardio.sites.uff.br\/index.php?rest_route=\/wp\/v2\/types\/page"}],"author":[{"embeddable":true,"href":"http:\/\/poscardio.sites.uff.br\/index.php?rest_route=\/wp\/v2\/users\/3"}],"replies":[{"embeddable":true,"href":"http:\/\/poscardio.sites.uff.br\/index.php?rest_route=%2Fwp%2Fv2%2Fcomments&post=7405"}],"version-history":[{"count":2,"href":"http:\/\/poscardio.sites.uff.br\/index.php?rest_route=\/wp\/v2\/pages\/7405\/revisions"}],"predecessor-version":[{"id":7408,"href":"http:\/\/poscardio.sites.uff.br\/index.php?rest_route=\/wp\/v2\/pages\/7405\/revisions\/7408"}],"wp:attachment":[{"href":"http:\/\/poscardio.sites.uff.br\/index.php?rest_route=%2Fwp%2Fv2%2Fmedia&parent=7405"}],"wp:term":[{"taxonomy":"category","embeddable":true,"href":"http:\/\/poscardio.sites.uff.br\/index.php?rest_route=%2Fwp%2Fv2%2Fcategories&post=7405"},{"taxonomy":"post_tag","embeddable":true,"href":"http:\/\/poscardio.sites.uff.br\/index.php?rest_route=%2Fwp%2Fv2%2Ftags&post=7405"}],"curies":[{"name":"wp","href":"https:\/\/api.w.org\/{rel}","templated":true}]}}