{"id":6999,"date":"2024-09-04T16:15:51","date_gmt":"2024-09-04T16:15:51","guid":{"rendered":"http:\/\/poscardio.sites.uff.br\/?page_id=6999"},"modified":"2024-11-21T21:46:45","modified_gmt":"2024-11-21T21:46:45","slug":"ementas-das-disciplinas-2","status":"publish","type":"page","link":"http:\/\/poscardio.sites.uff.br\/?page_id=6999","title":{"rendered":"Ementas das disciplinas"},"content":{"rendered":"\n<h2 class=\"wp-block-heading\"><strong>DISCIPLINAS OBRIGAT\u00d3RIAS <\/strong><\/h2>\n\n\n\n<p><strong>Nome:<\/strong> <strong>BIOESTAT\u00cdSTICA I<\/strong><\/p>\n\n\n\n<p><strong>C\u00f3digo:<\/strong> <strong>CMM<\/strong> <strong>10792<\/strong><\/p>\n\n\n\n<p><strong>Carga hor\u00e1ria: 30h &#8211; 02 cr\u00e9ditos<\/strong><\/p>\n\n\n\n<p><strong>Per\u00edodo de Vig\u00eancia:<\/strong> <strong>01\/01\/2012 \u00e0 &#8211;<\/strong><\/p>\n\n\n\n<p><strong>Disciplina obrigat\u00f3ria:<\/strong> <strong>Sim (Mestrado e Doutorado)<\/strong><\/p>\n\n\n\n<p><strong>Ementa:<\/strong><\/p>\n\n\n\n<p><strong>Estat\u00edstica descritiva e inferencial; Curva normal; Estat\u00edstica param\u00e9trica e n\u00e3o-param\u00e9trica; Testes de compara\u00e7\u00e3o e de testes de associa\u00e7\u00e3o. OBJETIVO: Fornecer os conceitos b\u00e1sicos de bioestat\u00edstica no contexto da metodologia cient\u00edfica visando a escolha dos testes adequados e interpreta\u00e7\u00e3o cr\u00edtica dos seus resultados<\/strong>.<\/p>\n\n\n\n<p><strong>&#8212;&#8212;&#8212;&#8212;&#8212;&#8212;&#8212;&#8212;&#8212;&#8212;&#8212;&#8212;&#8212;&#8212;&#8212;&#8212;&#8212;&#8212;&#8212;&#8212;&#8212;&#8212;&#8212;&#8212;&#8212;&#8212;&#8212;&#8212;&#8212;&#8212;&#8212;&#8212;&#8212;&#8212;&#8212;&#8212;&#8212;&#8212;&#8212;&#8212;&#8212;&#8212;&#8212;-<\/strong><\/p>\n\n\n\n<p><strong>Nome:<\/strong> <strong>BIOESTAT\u00cdSTICA II<\/strong><\/p>\n\n\n\n<p><strong>C\u00f3digo: CMM<\/strong> <strong>10793<\/strong><\/p>\n\n\n\n<p><strong>Carga hor\u00e1ria:<\/strong> <strong>30h &#8211; 02 cr\u00e9ditos<\/strong><\/p>\n\n\n\n<p><strong>Per\u00edodo de Vig\u00eancia:<\/strong> <strong>01\/01\/2012 \u00e0 &#8211;<\/strong><\/p>\n\n\n\n<p><strong>Disciplina obrigat\u00f3ria:<\/strong> <strong>Sim (Doutorado)<\/strong><\/p>\n\n\n\n<p><strong>Ementa:<\/strong><\/p>\n\n\n\n<p><strong>Estat\u00edstica Descritiva: vari\u00e1veis, banco de dados, organiza\u00e7\u00e3o de dados, frequ\u00eancias, medidas de tend\u00eancia central, medidas de dispers\u00e3o, apresenta\u00e7\u00e3o de resultados em tabelas e figuras. Bases da estat\u00edstica inferencial: distribui\u00e7\u00f5es de frequ\u00eancias, erro padr\u00e3o, infer\u00eancia sobre uma m\u00e9dia, testes de hip\u00f3teses, erro tipo I, erro tipo II, poder, intervalo de confian\u00e7a, infer\u00eancia sobre duas m\u00e9dias, Infer\u00eancia sobre duas propor\u00e7\u00f5es. T\u00e9cnicas de amostragem e c\u00e1lculo de tamanho amostral. An\u00e1lise de vari\u00e2ncia simples e multifatorial. Estat\u00edstica n\u00e3o-param\u00e9trica. No\u00e7\u00f5es de correla\u00e7\u00e3o e regress\u00e3o linear.<\/strong><\/p>\n\n\n\n<p><strong>\u2014&#8212;&#8212;&#8212;&#8212;&#8212;&#8212;&#8212;&#8212;&#8212;&#8212;&#8212;&#8212;&#8212;&#8212;&#8212;&#8212;&#8212;&#8212;&#8212;&#8212;&#8212;&#8212;&#8212;&#8212;&#8212;&#8212;&#8212;&#8212;&#8212;&#8212;&#8212;&#8212;&#8212;&#8212;&#8212;&#8212;&#8212;&#8212;&#8212;&#8212;<\/strong>&#8212;&#8212;&#8211;<\/p>\n\n\n\n<p><strong>Nome:<\/strong> <strong>BIOLOGIA CELULAR E MOLECULAR I<\/strong><\/p>\n\n\n\n<p><strong>C\u00f3digo: CMM<\/strong> <strong>10796<\/strong><\/p>\n\n\n\n<p><strong>Cr\u00e9ditos:<\/strong> <strong>60h &#8211; 04 cr\u00e9ditos<\/strong><\/p>\n\n\n\n<p><strong>Per\u00edodo de Vig\u00eancia:<\/strong> <strong>01\/01\/2012 \u00e0 &#8211;<\/strong><\/p>\n\n\n\n<p><strong>Disciplina obrigat\u00f3ria:<\/strong> <strong>Sim (Doutorado)<\/strong><\/p>\n\n\n\n<p><strong>Ementa:<\/strong><\/p>\n\n\n\n<p><strong>Introdu\u00e7\u00e3o \u00e0 biologia celular e molecular; conceitos gerais em gen\u00e9tica; replica\u00e7\u00e3o, transcri\u00e7\u00e3o e tradu\u00e7\u00e3o; epigen\u00e9tica; muta\u00e7\u00e3o e polimorfismo; no\u00e7\u00f5es de t\u00e9cnicas em biologia celular e molecular: PCR e PCR real time, RNA de interfer\u00eancia, Western Blotting, Imunomarca\u00e7\u00e3o e cultura de c\u00e9lulas.<\/strong><\/p>\n\n\n\n<p><strong>\u2014&#8212;&#8212;&#8212;&#8212;&#8212;&#8212;&#8212;&#8212;&#8212;&#8212;&#8212;&#8212;&#8212;&#8212;&#8212;&#8212;&#8212;&#8212;&#8212;&#8212;&#8212;&#8212;&#8212;&#8212;&#8212;&#8212;&#8212;&#8212;&#8212;&#8212;&#8212;&#8212;&#8212;&#8212;&#8212;&#8212;&#8212;&#8212;&#8212;&#8212;&#8212;&#8212;&#8211;<\/strong><\/p>\n\n\n\n<p><strong>Nome:<\/strong> <strong>DID\u00c1TICA E PEDAGOGIA<\/strong><\/p>\n\n\n\n<p><strong>Sigla:<\/strong> <strong>CMM<\/strong> <strong>10794<\/strong><\/p>\n\n\n\n<p><strong>Carga hor\u00e1ria:<\/strong> <strong>60h<\/strong> &#8211; <strong>04 cr\u00e9ditos<\/strong><\/p>\n\n\n\n<p><strong>Per\u00edodo de Vig\u00eancia:<\/strong> <strong>01\/01\/2012 \u00e0 &#8211;<\/strong><\/p>\n\n\n\n<p><strong>Disciplina obrigat\u00f3ria:<\/strong> <strong>Sim (Mestrado e Doutorado)<\/strong><\/p>\n\n\n\n<p><strong>Ementa:<\/strong><\/p>\n\n\n\n<p><strong>A disciplina discute os princ\u00edpios fundamentais do processo ensino-aprendizagem e sua rela\u00e7\u00e3o com a forma\u00e7\u00e3o humana e profissional, objetivando a prepara\u00e7\u00e3o para a atividade docente dentro de uma perspectiva de aprimoramento t\u00e9cnico continuado e respeito \u00e0 individualidade e \u00e0 \u00e9tica humana.<\/strong><\/p>\n\n\n\n<p><strong>\u2014&#8212;&#8212;&#8212;&#8212;&#8212;&#8212;&#8212;&#8212;&#8212;&#8212;&#8212;&#8212;&#8212;&#8212;&#8212;&#8212;&#8212;&#8212;&#8212;&#8212;&#8212;&#8212;&#8212;&#8212;&#8212;&#8212;&#8212;&#8212;&#8212;&#8212;&#8212;&#8212;&#8212;&#8212;&#8212;&#8212;&#8212;&#8212;&#8212;&#8212;&#8212;&#8212;&#8211;<\/strong><\/p>\n\n\n\n<p><strong>Nome:<\/strong> <strong>ELABORA\u00c7\u00c3O DE DISSERTA\u00c7\u00c3O OU TESE<\/strong><\/p>\n\n\n\n<p><strong>Sigla:<\/strong> <strong>CMM<\/strong> <strong>0000<\/strong><\/p>\n\n\n\n<p><strong>Carga hor\u00e1ria:<\/strong> <strong>480h &#8211; 32 cr\u00e9ditos<\/strong><\/p>\n\n\n\n<p><strong>Per\u00edodo de Vig\u00eancia:<\/strong><\/p>\n\n\n\n<p><strong>01\/01\/2012 \u00e0 &#8211;<\/strong><\/p>\n\n\n\n<p><strong>Disciplina obrigat\u00f3ria:<\/strong> <strong>Sim<\/strong> <strong>(Mestrado e Doutorado)<\/strong><\/p>\n\n\n\n<p><strong>Ementa:<\/strong><\/p>\n\n\n\n<p><strong>Disciplina dedicada ao trabalho integrado entre p\u00f3s-graduando e orientador(es) na concep\u00e7\u00e3o, desenvolvimento e defesa da disserta\u00e7\u00e3o ou tese.<\/strong><\/p>\n\n\n\n<p><strong>\u2014&#8212;&#8212;&#8212;&#8212;&#8212;&#8212;&#8212;&#8212;&#8212;&#8212;&#8212;&#8212;&#8212;&#8212;&#8212;&#8212;&#8212;&#8212;&#8212;&#8212;&#8212;&#8212;&#8212;&#8212;&#8212;&#8212;&#8212;&#8212;&#8212;&#8212;&#8212;&#8212;&#8212;&#8212;&#8212;&#8212;&#8212;&#8212;&#8212;&#8212;&#8212;&#8212;&#8211;<\/strong><\/p>\n\n\n\n<p><strong>Nome:<\/strong> <strong>EST\u00c1GIO DOC\u00caNCIA<\/strong> I<\/p>\n\n\n\n<p><strong>Sigla:<\/strong> <strong>CMM<\/strong> <strong>10812<\/strong><\/p>\n\n\n\n<p><strong>Carga hor\u00e1ria:<\/strong> <strong>60h &#8211; 04 cr\u00e9ditos<\/strong><\/p>\n\n\n\n<p><strong>Per\u00edodo de Vig\u00eancia:<\/strong> <strong>20\/04\/2018 \u00e0 &#8211;<\/strong><\/p>\n\n\n\n<p><strong>Disciplina obrigat\u00f3ria:<\/strong> <strong>Sim (Mestrado e Doutorado)<\/strong><\/p>\n\n\n\n<p><strong>Ementa:<\/strong><\/p>\n\n\n\n<p><strong>i. A disciplina \u00e9 coordenada por um professor do programa, que ser\u00e1 respons\u00e1vel por acompanhar as atividades de est\u00e1gio docente dos p\u00f3s-graduandos matriculados. ii. Nas primeiras aulas, o professor explica a din\u00e2mica da disciplina. S\u00e3o discutidas estrat\u00e9gias de ensino-aprendizado e de avalia\u00e7\u00e3o. \u00c9 determinado o local de realiza\u00e7\u00e3o do est\u00e1gio de doc\u00eancia para cada aluno. iii. O local de realiza\u00e7\u00e3o do est\u00e1gio de doc\u00eancia \u00e9 definido pelo aluno e seu orientador, sendo condicionado a aprova\u00e7\u00e3o do professor da disciplina. Ambos preenchem e assinam um formul\u00e1rio que dever\u00e1 ser entregue ao coordenador da disciplina. Caso o est\u00e1gio n\u00e3o seja realizado com o pr\u00f3prio orientador, o professor supervisor tamb\u00e9m dever\u00e1 assinar o formul\u00e1rio. O p\u00f3s-graduando pode acompanhar mais de um docente caso n\u00e3o consiga CH de est\u00e1gio suficiente com apenas um professor. (Obs.: Segundo a CAPES, as atividades do est\u00e1gio devem ser compat\u00edveis com a \u00e1rea de pesquisa desenvolvida pelo p\u00f3s-graduando). iv. Nas semanas que se seguem, o p\u00f3s-graduando faz o est\u00e1gio de doc\u00eancia sob a orienta\u00e7\u00e3o\/supervis\u00e3o do(s) professor(es) indicado(s) no formul\u00e1rio. v. Ao final do est\u00e1gio, o aluno entrega ao professor da disciplina dois relat\u00f3rios\/formul\u00e1rios. O 1\u00ba da avalia\u00e7\u00e3o do seu desempenho pelo seu supervisor de est\u00e1gio. O 2\u00ba um relat\u00f3rio redigido por ele descrevendo as atividades desempenhadas e sua autoavalia\u00e7\u00e3o. vi. Ao final da disciplina, o grupo de alunos se re\u00fane com o professor da disciplina, para que possam relatar suas experi\u00eancias e trocarem conhecimentos.<\/strong><\/p>\n\n\n\n<p><strong>\u2014&#8212;&#8212;&#8212;&#8212;&#8212;&#8212;&#8212;&#8212;&#8212;&#8212;&#8212;&#8212;&#8212;&#8212;&#8212;&#8212;&#8212;&#8212;&#8212;&#8212;&#8212;&#8212;&#8212;&#8212;&#8212;&#8212;&#8212;&#8212;&#8212;&#8212;&#8212;&#8212;&#8212;&#8212;&#8212;&#8212;&#8212;&#8212;&#8212;&#8212;&#8212;&#8212;&#8211;<\/strong><\/p>\n\n\n\n<p><strong>Nome:<\/strong> <strong>EST\u00c1GIO DOC\u00caNCIA<\/strong> II<\/p>\n\n\n\n<p><strong>Sigla:<\/strong> <strong>CMM<\/strong> <strong>10812<\/strong><\/p>\n\n\n\n<p><strong>Carga hor\u00e1ria:<\/strong> <strong>60h &#8211; 04 cr\u00e9ditos<\/strong><\/p>\n\n\n\n<p><strong>Per\u00edodo de Vig\u00eancia:<\/strong> <strong>20\/04\/2018 \u00e0 &#8211;<\/strong><\/p>\n\n\n\n<p><strong>Disciplina obrigat\u00f3ria:<\/strong> <strong>Sim (Doutorado)<\/strong><\/p>\n\n\n\n<p><strong>Ementa:<\/strong><\/p>\n\n\n\n<p><strong>i. A disciplina \u00e9 coordenada por um professor do programa, que ser\u00e1 respons\u00e1vel por acompanhar as atividades de est\u00e1gio docente dos p\u00f3s-graduandos matriculados. ii. Nas primeiras aulas, o professor explica a din\u00e2mica da disciplina. S\u00e3o discutidas estrat\u00e9gias de ensino-aprendizado e de avalia\u00e7\u00e3o. \u00c9 determinado o local de realiza\u00e7\u00e3o do est\u00e1gio de doc\u00eancia para cada aluno. iii. O local de realiza\u00e7\u00e3o do est\u00e1gio de doc\u00eancia \u00e9 definido pelo aluno e seu orientador, sendo condicionado a aprova\u00e7\u00e3o do professor da disciplina. Ambos preenchem e assinam um formul\u00e1rio que dever\u00e1 ser entregue ao coordenador da disciplina. Caso o est\u00e1gio n\u00e3o seja realizado com o pr\u00f3prio orientador, o professor supervisor tamb\u00e9m dever\u00e1 assinar o formul\u00e1rio. O p\u00f3s-graduando pode acompanhar mais de um docente caso n\u00e3o consiga CH de est\u00e1gio suficiente com apenas um professor. (Obs.: Segundo a CAPES, as atividades do est\u00e1gio devem ser compat\u00edveis com a \u00e1rea de pesquisa desenvolvida pelo p\u00f3s-graduando). iv. Nas semanas que se seguem, o p\u00f3s-graduando faz o est\u00e1gio de doc\u00eancia sob a orienta\u00e7\u00e3o\/supervis\u00e3o do(s) professor(es) indicado(s) no formul\u00e1rio. v. Ao final do est\u00e1gio, o aluno entrega ao professor da disciplina dois relat\u00f3rios\/formul\u00e1rios. O 1\u00ba da avalia\u00e7\u00e3o do seu desempenho pelo seu supervisor de est\u00e1gio. O 2\u00ba um relat\u00f3rio redigido por ele descrevendo as atividades desempenhadas e sua autoavalia\u00e7\u00e3o. vi. Ao final da disciplina, o grupo de alunos se re\u00fane com o professor da disciplina, para que possam relatar suas experi\u00eancias e trocarem conhecimentos.<\/strong><\/p>\n\n\n\n<p>&#8212;&#8212;&#8212;&#8212;&#8212;&#8212;&#8212;&#8212;&#8212;&#8212;&#8212;&#8212;&#8212;&#8212;&#8212;&#8212;&#8212;&#8212;&#8212;&#8212;&#8212;&#8212;&#8212;&#8212;&#8212;&#8212;&#8212;&#8212;&#8212;&#8212;&#8212;&#8212;&#8212;&#8212;&#8212;&#8212;&#8212;&#8212;&#8212;&#8212;&#8212;&#8212;&#8212;&#8211;<\/p>\n\n\n\n<p><strong>Nome:<\/strong> <strong>FISIOPATOLOGIA CARDIOVASCULAR<\/strong><\/p>\n\n\n\n<p><strong>C\u00f3digo:<\/strong> <strong>CMM<\/strong> <strong>10795<\/strong><\/p>\n\n\n\n<p><strong>Cr\u00e9ditos:<\/strong> <strong>60h &#8211; 04 cr\u00e9ditos<\/strong><\/p>\n\n\n\n<p><strong>Per\u00edodo de Vig\u00eancia:<\/strong> <strong>01\/01\/2012 \u00e0 &#8211;<\/strong><\/p>\n\n\n\n<p><strong>Disciplina obrigat\u00f3ria:<\/strong> <strong>Sim (Mestrado e Doutorado)<\/strong><\/p>\n\n\n\n<p><strong>Ementa:<\/strong><\/p>\n\n\n\n<p><strong>A disciplina aborda os principais processos fisiopatol\u00f3gicos das doen\u00e7as cardiovasculares, incluindo os dom\u00ednios molecular, imunol\u00f3gico, inflamat\u00f3rio, degenerativo e neuroend\u00f3crino, visando integrar o conhecimento das \u00e1reas b\u00e1sicas e aplicadas para estimular o senso cr\u00edtico e a iniciativa na proposi\u00e7\u00e3o de modelos de investiga\u00e7\u00e3o.<\/strong><\/p>\n\n\n\n<p><strong>\u2014&#8212;&#8212;&#8212;&#8212;&#8212;&#8212;&#8212;&#8212;&#8212;&#8212;&#8212;&#8212;&#8212;&#8212;&#8212;&#8212;&#8212;&#8212;&#8212;&#8212;&#8212;&#8212;&#8212;&#8212;&#8212;&#8212;&#8212;&#8212;&#8212;&#8212;&#8212;&#8212;&#8212;&#8212;&#8212;&#8212;&#8212;&#8212;&#8212;&#8212;&#8212;&#8212;&#8211;<\/strong><\/p>\n\n\n\n<p><strong>Nome:<\/strong> <strong>METODOLOGIA DA PESQUISA CIENT\u00cdFICA<\/strong><\/p>\n\n\n\n<p><strong>C\u00f3digo: CMM<\/strong> <strong>10791<\/strong><\/p>\n\n\n\n<p><strong>Carga hor\u00e1ria:  60h &#8211; 04 cr\u00e9ditos<\/strong><\/p>\n\n\n\n<p><strong>Per\u00edodo de Vig\u00eancia:<\/strong> <strong>01\/01\/2012 \u00e0 &#8211;<\/strong><\/p>\n\n\n\n<p><strong>Disciplina obrigat\u00f3ria:<\/strong> <strong>Sim (Mestrado e Doutorado)<\/strong><\/p>\n\n\n\n<p><strong>Ementa:<\/strong><\/p>\n\n\n\n<p><strong>A disciplina discute a l\u00f3gica do pensamento cient\u00edfico e suas alternativas objetivando fornecer os conceitos b\u00e1sicos e praticar os processos de montagem de um projeto de pesquisa, de reda\u00e7\u00e3o de artigos cient\u00edficos e de an\u00e1lise cr\u00edtica da literatura.<\/strong><\/p>\n\n\n\n<p><strong>\u2014&#8212;&#8212;&#8212;&#8212;&#8212;&#8212;&#8212;&#8212;&#8212;&#8212;&#8212;&#8212;&#8212;&#8212;&#8212;&#8212;&#8212;&#8212;&#8212;&#8212;&#8212;&#8212;&#8212;&#8212;&#8212;&#8212;&#8212;&#8212;&#8212;&#8212;&#8212;&#8212;&#8212;&#8212;&#8212;&#8212;&#8212;&#8212;&#8212;&#8212;&#8212;&#8212;&#8211;<\/strong><\/p>\n\n\n\n<p><strong>Nome:<\/strong> <strong>SEMIN\u00c1RIOS DE ACOMPANHAMENTO DAS LINHAS DE PESQUISA I<\/strong><\/p>\n\n\n\n<p><strong>C\u00f3digo:<\/strong> <strong>CMM<\/strong> <strong>10797<\/strong><\/p>\n\n\n\n<p><strong>Carga hor\u00e1ria: 210h &#8211; 14 cr\u00e9ditos<\/strong><\/p>\n\n\n\n<p><strong>Per\u00edodo de Vig\u00eancia:<\/strong> <strong>01\/01\/2012 \u00e0 &#8211;<\/strong><\/p>\n\n\n\n<p><strong>Disciplina obrigat\u00f3ria:<\/strong> <strong>Sim (Mestrado e Doutorado)<\/strong><\/p>\n\n\n\n<p><strong>Ementa:<\/strong><\/p>\n\n\n\n<p><strong>A disciplina utiliza uma abordagem te\u00f3rico-pr\u00e1tica para estimular o desenvolvimento e a integra\u00e7\u00e3o das diferentes linhas de pesquisa visando o crescimento da qualidade individual dos projetos e da coer\u00eancia interna do Programa.<\/strong><\/p>\n\n\n\n<p><strong>\u2014&#8212;&#8212;&#8212;&#8212;&#8212;&#8212;&#8212;&#8212;&#8212;&#8212;&#8212;&#8212;&#8212;&#8212;&#8212;&#8212;&#8212;&#8212;&#8212;&#8212;&#8212;&#8212;&#8212;&#8212;&#8212;&#8212;&#8212;&#8212;&#8212;&#8212;&#8212;&#8212;&#8212;&#8212;&#8212;&#8212;&#8212;&#8212;&#8212;&#8212;&#8212;&#8212;&#8211;<\/strong><\/p>\n\n\n\n<p><strong>Nome:<\/strong> <strong>SEMIN\u00c1RIOS DE ACOMPANHAMENTO DAS LINHAS DE PESQUISA II<\/strong><\/p>\n\n\n\n<p><strong>C\u00f3digo:<\/strong> <strong>CMM<\/strong> <strong>10798<\/strong><\/p>\n\n\n\n<p><strong>Cr\u00e9ditos:<\/strong> <strong>210h<\/strong> <strong>&#8211; 14 cr\u00e9ditos<\/strong><\/p>\n\n\n\n<p><strong>Per\u00edodo de Vig\u00eancia:<\/strong> <strong>01\/01\/2012 \u00e0 &#8211;<\/strong><\/p>\n\n\n\n<p><strong>Disciplina obrigat\u00f3ria:<\/strong> <strong>Sim (Doutorado)<\/strong><\/p>\n\n\n\n<p><strong>Ementa:<\/strong><\/p>\n\n\n\n<p><strong>A disciplina complementa outra de mesmo nome e tamb\u00e9m utiliza uma abordagem te\u00f3rico-pr\u00e1tica para estimular o desenvolvimento e a integra\u00e7\u00e3o das diferentes linhas de pesquisa visando o crescimento da qualidade individual dos projetos e da coer\u00eancia interna do Programa.<\/strong><\/p>\n\n\n\n<p><strong>\u2014&#8212;&#8212;&#8212;&#8212;&#8212;&#8212;&#8212;&#8212;&#8212;&#8212;&#8212;&#8212;&#8212;&#8212;&#8212;&#8212;&#8212;&#8212;&#8212;&#8212;&#8212;&#8212;&#8212;&#8212;&#8212;&#8212;&#8212;&#8212;&#8212;&#8212;&#8212;&#8212;&#8212;&#8212;&#8212;&#8212;&#8212;&#8212;&#8212;&#8212;&#8212;&#8212;&#8211;<\/strong><\/p>\n\n\n\n<h2 class=\"wp-block-heading\">DISCIPLINAS OPTATIVAS<\/h2>\n\n\n\n<p>Clique <a href=\"http:\/\/poscardio.sites.uff.br\/?page_id=7007\">aqui<\/a> para ver as ementas das disciplinas optativas.<\/p>\n","protected":false},"excerpt":{"rendered":"<p>DISCIPLINAS OBRIGAT\u00d3RIAS Nome: BIOESTAT\u00cdSTICA I C\u00f3digo: CMM 10792 Carga hor\u00e1ria: 30h &#8211; 02 cr\u00e9ditos Per\u00edodo de Vig\u00eancia: 01\/01\/2012 \u00e0 &#8211; Disciplina obrigat\u00f3ria: Sim (Mestrado e Doutorado) Ementa: Estat\u00edstica descritiva e inferencial; Curva normal; Estat\u00edstica param\u00e9trica e n\u00e3o-param\u00e9trica; Testes de compara\u00e7\u00e3o e de testes de associa\u00e7\u00e3o. OBJETIVO: Fornecer os conceitos b\u00e1sicos de bioestat\u00edstica no contexto da [&hellip;]<\/p>\n","protected":false},"author":3,"featured_media":0,"parent":0,"menu_order":0,"comment_status":"closed","ping_status":"closed","template":"","meta":{"_exactmetrics_skip_tracking":false,"_exactmetrics_sitenote_active":false,"_exactmetrics_sitenote_note":"","_exactmetrics_sitenote_category":0,"footnotes":""},"categories":[],"tags":[],"class_list":["post-6999","page","type-page","status-publish","hentry"],"_links":{"self":[{"href":"http:\/\/poscardio.sites.uff.br\/index.php?rest_route=\/wp\/v2\/pages\/6999","targetHints":{"allow":["GET"]}}],"collection":[{"href":"http:\/\/poscardio.sites.uff.br\/index.php?rest_route=\/wp\/v2\/pages"}],"about":[{"href":"http:\/\/poscardio.sites.uff.br\/index.php?rest_route=\/wp\/v2\/types\/page"}],"author":[{"embeddable":true,"href":"http:\/\/poscardio.sites.uff.br\/index.php?rest_route=\/wp\/v2\/users\/3"}],"replies":[{"embeddable":true,"href":"http:\/\/poscardio.sites.uff.br\/index.php?rest_route=%2Fwp%2Fv2%2Fcomments&post=6999"}],"version-history":[{"count":5,"href":"http:\/\/poscardio.sites.uff.br\/index.php?rest_route=\/wp\/v2\/pages\/6999\/revisions"}],"predecessor-version":[{"id":7028,"href":"http:\/\/poscardio.sites.uff.br\/index.php?rest_route=\/wp\/v2\/pages\/6999\/revisions\/7028"}],"wp:attachment":[{"href":"http:\/\/poscardio.sites.uff.br\/index.php?rest_route=%2Fwp%2Fv2%2Fmedia&parent=6999"}],"wp:term":[{"taxonomy":"category","embeddable":true,"href":"http:\/\/poscardio.sites.uff.br\/index.php?rest_route=%2Fwp%2Fv2%2Fcategories&post=6999"},{"taxonomy":"post_tag","embeddable":true,"href":"http:\/\/poscardio.sites.uff.br\/index.php?rest_route=%2Fwp%2Fv2%2Ftags&post=6999"}],"curies":[{"name":"wp","href":"https:\/\/api.w.org\/{rel}","templated":true}]}}