{"id":6951,"date":"2024-08-21T13:35:18","date_gmt":"2024-08-21T13:35:18","guid":{"rendered":"http:\/\/poscardio.sites.uff.br\/?page_id=6951"},"modified":"2024-11-21T21:46:44","modified_gmt":"2024-11-21T21:46:44","slug":"comissoes","status":"publish","type":"page","link":"http:\/\/poscardio.sites.uff.br\/?page_id=6951","title":{"rendered":"Comiss\u00f5es"},"content":{"rendered":"\n<p><strong>(1) Comiss\u00e3o de planejamento estrat\u00e9gico\/autoavalia\u00e7\u00e3o<\/strong><br>ProfsEvandro Tinoco, Christianne Bretas, Dalmo Machado e Caroline Fernandes<br>Representante no comit\u00ea gestor &#8211; Prof Dalmo Machado<\/p>\n\n\n\n<p><strong>(2) Comiss\u00e3o de reavalia\u00e7\u00e3o regimento interno\/grade curricular<\/strong><br>ProfsBeatriz Alexandre, Caroline Fernandes, Christianne Bretas e Eliete Frantz<br>Representante no comit\u00ea gestor &#8211; Profa Caroline Fernandes<\/p>\n\n\n\n<p><strong>(3) Comiss\u00e3o da associa\u00e7\u00e3o de egressos (programa Alumni)<\/strong><br>Profs EvandroTinoco, Renata Frauches, Ant\u00f4nio Lagoeiro, Eliza Prodel, Nadia Motta e Natalia Galito<br>Representante no comit\u00ea gestor &#8211; Renata Frauches<\/p>\n\n\n\n<p><strong>(4) Comiss\u00e3o de editais<\/strong><br>Profs Dalmo Machado,Giovani Ver\u00edssimo,Alair Sarmet e Jo\u00e3o Dario<br>Representante no comit\u00ea gestor &#8211; Giovani Ver\u00edssimo<\/p>\n\n\n\n<p><strong>(5) Comiss\u00e3o de internacionaliza\u00e7\u00e3o<\/strong><br>Profs Cl\u00e1udio Tinoco,Helena Miguens,Humberto Villacorta, Milena Barcza<br>Representante no comit\u00ea gestor &#8211; Helena Miguens<\/p>\n\n\n\n<p><strong>(6) Comiss\u00e3o Sucupira<\/strong><br>Profs Evandro Tinoco, Christianne Bretas, Thereza Bargut<br>Representante no comit\u00ea gestor &#8211; Christianne Bretas<\/p>\n\n\n\n<p><strong>(7) Comiss\u00e3o de bolsas<\/strong><br>ProfsFernanda Brito, Gabrielle Rocha, RonaldoGismondi<br>Representante no comit\u00ea gestor &#8211; Gabrielle Rocha<\/p>\n\n\n\n<p><strong>(8) Comiss\u00e3o de sele\u00e7\u00f5es internas e reconhecimento de diploma de PG cursados no exterior<\/strong><br>Profs Antonio Lagoeiro, Gabrielle Rocha, Jonas Gurgel, Ludmila Cardozo, Thereza Bargut<br>Representante no comit\u00ea gestor &#8211; Thereza Bargut<\/p>\n","protected":false},"excerpt":{"rendered":"<p>(1) Comiss\u00e3o de planejamento estrat\u00e9gico\/autoavalia\u00e7\u00e3oProfsEvandro Tinoco, Christianne Bretas, Dalmo Machado e Caroline FernandesRepresentante no comit\u00ea gestor &#8211; Prof Dalmo Machado (2) Comiss\u00e3o de reavalia\u00e7\u00e3o regimento interno\/grade curricularProfsBeatriz Alexandre, Caroline Fernandes, Christianne Bretas e Eliete FrantzRepresentante no comit\u00ea gestor &#8211; Profa Caroline Fernandes (3) Comiss\u00e3o da associa\u00e7\u00e3o de egressos (programa Alumni)Profs EvandroTinoco, Renata Frauches, Ant\u00f4nio Lagoeiro, [&hellip;]<\/p>\n","protected":false},"author":3,"featured_media":0,"parent":0,"menu_order":0,"comment_status":"closed","ping_status":"closed","template":"","meta":{"_exactmetrics_skip_tracking":false,"_exactmetrics_sitenote_active":false,"_exactmetrics_sitenote_note":"","_exactmetrics_sitenote_category":0,"footnotes":""},"categories":[],"tags":[],"class_list":["post-6951","page","type-page","status-publish","hentry"],"_links":{"self":[{"href":"http:\/\/poscardio.sites.uff.br\/index.php?rest_route=\/wp\/v2\/pages\/6951","targetHints":{"allow":["GET"]}}],"collection":[{"href":"http:\/\/poscardio.sites.uff.br\/index.php?rest_route=\/wp\/v2\/pages"}],"about":[{"href":"http:\/\/poscardio.sites.uff.br\/index.php?rest_route=\/wp\/v2\/types\/page"}],"author":[{"embeddable":true,"href":"http:\/\/poscardio.sites.uff.br\/index.php?rest_route=\/wp\/v2\/users\/3"}],"replies":[{"embeddable":true,"href":"http:\/\/poscardio.sites.uff.br\/index.php?rest_route=%2Fwp%2Fv2%2Fcomments&post=6951"}],"version-history":[{"count":4,"href":"http:\/\/poscardio.sites.uff.br\/index.php?rest_route=\/wp\/v2\/pages\/6951\/revisions"}],"predecessor-version":[{"id":6994,"href":"http:\/\/poscardio.sites.uff.br\/index.php?rest_route=\/wp\/v2\/pages\/6951\/revisions\/6994"}],"wp:attachment":[{"href":"http:\/\/poscardio.sites.uff.br\/index.php?rest_route=%2Fwp%2Fv2%2Fmedia&parent=6951"}],"wp:term":[{"taxonomy":"category","embeddable":true,"href":"http:\/\/poscardio.sites.uff.br\/index.php?rest_route=%2Fwp%2Fv2%2Fcategories&post=6951"},{"taxonomy":"post_tag","embeddable":true,"href":"http:\/\/poscardio.sites.uff.br\/index.php?rest_route=%2Fwp%2Fv2%2Ftags&post=6951"}],"curies":[{"name":"wp","href":"https:\/\/api.w.org\/{rel}","templated":true}]}}