{"id":6612,"date":"2023-09-29T18:10:53","date_gmt":"2023-09-29T18:10:53","guid":{"rendered":"http:\/\/poscardio.sites.uff.br\/?page_id=6612"},"modified":"2023-09-29T18:10:53","modified_gmt":"2023-09-29T18:10:53","slug":"instrucoes-para-apresentacao-de-trabalho","status":"publish","type":"page","link":"http:\/\/poscardio.sites.uff.br\/?page_id=6612","title":{"rendered":"INSTRU\u00c7\u00d5ES PARA APRESENTA\u00c7\u00c3O DE TRABALHO:"},"content":{"rendered":"\n<h2 class=\"wp-block-heading\"><strong>Poster<\/strong><\/h2>\n\n\n\n<p>(1) O tamanho da impress\u00e3o deve ser 0,90 x 1,20 cm (retrato);<\/p>\n\n\n\n<p>(2) O texto e imagens devem estar em ingl\u00eas. Sugere-se o uso da fonte Arial tamanho 20 ou superior.<\/p>\n\n\n\n<p>(3) O trabalho deve ser identificado exatamente como o resumo submetido (t\u00edtulo, autoria e filia\u00e7\u00e3o)<\/p>\n\n\n\n<p>(4) O conte\u00fado deve estar estruturado nas mesmas se\u00e7\u00f5es do resumo: INTRODUCTION; OBJECTIVES; METHODS; RESULTS; DISCUSSION\/CONCLUSIONS; FINANCIAL SUPPOR; REFERENCES; ETHICS COMITEE APPROVAL<\/p>\n\n\n\n<p><\/p>\n\n\n\n<h2 class=\"wp-block-heading\"><strong>Comunica\u00e7\u00f5es orais<\/strong><\/h2>\n\n\n\n<p>(1) O texto, as imagens e o discurso devem ser elaborados em portugu\u00eas.<\/p>\n\n\n\n<p>(2) O trabalho deve ser identificado exatamente como o resumo submetido (t\u00edtulo, autoria e filia\u00e7\u00e3o) e estruturado como o resumo submetido, informando, caso se aplique, n\u00famero de aprova\u00e7\u00e3o \u00e9tica e financiamento.<\/p>\n\n\n\n<p><strong>ATEN\u00c7\u00c3O:<\/strong><\/p>\n\n\n\n<p>Cada apresentador\/a ter\u00e1 at\u00e9 7 minutos para sua explana\u00e7\u00e3o. A argui\u00e7\u00e3o ter\u00e1 dura\u00e7\u00e3o de 8 minutos e ser\u00e1 realizada por uma banca.<\/p>\n\n\n\n<p>O arquivo da apresenta\u00e7\u00e3o deve ser salvo em formato .ppt ou .pptx e enviado para a Comiss\u00e3o Organizadora at\u00e9 05\/12\/2023 atrav\u00e9s do email <a href=\"mailto:jornadaanual@gmail.com\">jornadaanual@gmail.com<\/a><\/p>\n\n\n\n<p>No campo \u201cASSUNTO\u201d, digite \u201cArquivo Comunica\u00e7\u00e3o Oral: Nome do\/a apresentador\/a\u201d.<\/p>\n","protected":false},"excerpt":{"rendered":"<p>Poster (1) O tamanho da impress\u00e3o deve ser 0,90 x 1,20 cm (retrato); (2) O texto e imagens devem estar em ingl\u00eas. Sugere-se o uso da fonte Arial tamanho 20 ou superior. (3) O trabalho deve ser identificado exatamente como o resumo submetido (t\u00edtulo, autoria e filia\u00e7\u00e3o) (4) O conte\u00fado deve estar estruturado nas mesmas [&hellip;]<\/p>\n","protected":false},"author":3,"featured_media":0,"parent":0,"menu_order":0,"comment_status":"closed","ping_status":"closed","template":"","meta":{"_exactmetrics_skip_tracking":false,"_exactmetrics_sitenote_active":false,"_exactmetrics_sitenote_note":"","_exactmetrics_sitenote_category":0,"footnotes":""},"categories":[],"tags":[],"class_list":["post-6612","page","type-page","status-publish","hentry"],"_links":{"self":[{"href":"http:\/\/poscardio.sites.uff.br\/index.php?rest_route=\/wp\/v2\/pages\/6612","targetHints":{"allow":["GET"]}}],"collection":[{"href":"http:\/\/poscardio.sites.uff.br\/index.php?rest_route=\/wp\/v2\/pages"}],"about":[{"href":"http:\/\/poscardio.sites.uff.br\/index.php?rest_route=\/wp\/v2\/types\/page"}],"author":[{"embeddable":true,"href":"http:\/\/poscardio.sites.uff.br\/index.php?rest_route=\/wp\/v2\/users\/3"}],"replies":[{"embeddable":true,"href":"http:\/\/poscardio.sites.uff.br\/index.php?rest_route=%2Fwp%2Fv2%2Fcomments&post=6612"}],"version-history":[{"count":1,"href":"http:\/\/poscardio.sites.uff.br\/index.php?rest_route=\/wp\/v2\/pages\/6612\/revisions"}],"predecessor-version":[{"id":6613,"href":"http:\/\/poscardio.sites.uff.br\/index.php?rest_route=\/wp\/v2\/pages\/6612\/revisions\/6613"}],"wp:attachment":[{"href":"http:\/\/poscardio.sites.uff.br\/index.php?rest_route=%2Fwp%2Fv2%2Fmedia&parent=6612"}],"wp:term":[{"taxonomy":"category","embeddable":true,"href":"http:\/\/poscardio.sites.uff.br\/index.php?rest_route=%2Fwp%2Fv2%2Fcategories&post=6612"},{"taxonomy":"post_tag","embeddable":true,"href":"http:\/\/poscardio.sites.uff.br\/index.php?rest_route=%2Fwp%2Fv2%2Ftags&post=6612"}],"curies":[{"name":"wp","href":"https:\/\/api.w.org\/{rel}","templated":true}]}}