{"id":6486,"date":"2023-09-19T16:17:33","date_gmt":"2023-09-19T16:17:33","guid":{"rendered":"http:\/\/poscardio.sites.uff.br\/?page_id=6486"},"modified":"2024-08-08T12:46:30","modified_gmt":"2024-08-08T12:46:30","slug":"formularios-2","status":"publish","type":"page","link":"http:\/\/poscardio.sites.uff.br\/?page_id=6486","title":{"rendered":"Formul\u00e1rios"},"content":{"rendered":"\n<p>Formul\u00e1rio para agendamento de pr\u00e9-defesa de mestrado e doutorado:<a href=\"https:\/\/forms.gle\/8A1A1vsRzfxJt2Kw7\">&nbsp;https:\/\/forms.gle\/8A1A1vsRzfxJt2Kw7<\/a><br>Formul\u00e1rio para agendamento de defesa de mestrado e doutorado:&nbsp;<a href=\"https:\/\/forms.gle\/QPQ5fcMye9P7FwYP8\">https:\/\/forms.gle\/QPQ5fcMye9P7FwYP8<\/a><\/p>\n\n\n\n<p>Formul\u00e1rio para indica\u00e7\u00e3o de banca de pr\u00e9-defesa e defesa de mestrado e doutorado:<a href=\"https:\/\/forms.gle\/m4N76DcMbY1J31iS9\" target=\"_blank\" rel=\"noreferrer noopener\">https:\/\/forms.gle\/m4N76DcMbY1J31iS9<\/a><\/p>\n","protected":false},"excerpt":{"rendered":"<p>Formul\u00e1rio para agendamento de pr\u00e9-defesa de mestrado e doutorado:&nbsp;https:\/\/forms.gle\/8A1A1vsRzfxJt2Kw7Formul\u00e1rio para agendamento de defesa de mestrado e doutorado:&nbsp;https:\/\/forms.gle\/QPQ5fcMye9P7FwYP8 Formul\u00e1rio para indica\u00e7\u00e3o de banca de pr\u00e9-defesa e defesa de mestrado e doutorado:https:\/\/forms.gle\/m4N76DcMbY1J31iS9<\/p>\n","protected":false},"author":3,"featured_media":0,"parent":0,"menu_order":0,"comment_status":"closed","ping_status":"closed","template":"","meta":{"_exactmetrics_skip_tracking":false,"_exactmetrics_sitenote_active":false,"_exactmetrics_sitenote_note":"","_exactmetrics_sitenote_category":0,"footnotes":""},"categories":[],"tags":[],"class_list":["post-6486","page","type-page","status-publish","hentry"],"_links":{"self":[{"href":"http:\/\/poscardio.sites.uff.br\/index.php?rest_route=\/wp\/v2\/pages\/6486","targetHints":{"allow":["GET"]}}],"collection":[{"href":"http:\/\/poscardio.sites.uff.br\/index.php?rest_route=\/wp\/v2\/pages"}],"about":[{"href":"http:\/\/poscardio.sites.uff.br\/index.php?rest_route=\/wp\/v2\/types\/page"}],"author":[{"embeddable":true,"href":"http:\/\/poscardio.sites.uff.br\/index.php?rest_route=\/wp\/v2\/users\/3"}],"replies":[{"embeddable":true,"href":"http:\/\/poscardio.sites.uff.br\/index.php?rest_route=%2Fwp%2Fv2%2Fcomments&post=6486"}],"version-history":[{"count":2,"href":"http:\/\/poscardio.sites.uff.br\/index.php?rest_route=\/wp\/v2\/pages\/6486\/revisions"}],"predecessor-version":[{"id":6942,"href":"http:\/\/poscardio.sites.uff.br\/index.php?rest_route=\/wp\/v2\/pages\/6486\/revisions\/6942"}],"wp:attachment":[{"href":"http:\/\/poscardio.sites.uff.br\/index.php?rest_route=%2Fwp%2Fv2%2Fmedia&parent=6486"}],"wp:term":[{"taxonomy":"category","embeddable":true,"href":"http:\/\/poscardio.sites.uff.br\/index.php?rest_route=%2Fwp%2Fv2%2Fcategories&post=6486"},{"taxonomy":"post_tag","embeddable":true,"href":"http:\/\/poscardio.sites.uff.br\/index.php?rest_route=%2Fwp%2Fv2%2Ftags&post=6486"}],"curies":[{"name":"wp","href":"https:\/\/api.w.org\/{rel}","templated":true}]}}