{"id":6120,"date":"2023-02-06T16:13:54","date_gmt":"2023-02-06T16:13:54","guid":{"rendered":"http:\/\/poscardio.sites.uff.br\/?page_id=6120"},"modified":"2024-11-21T21:46:44","modified_gmt":"2024-11-21T21:46:44","slug":"biomarker-lab-uff-laboratorio-de-biomarcadores-cardiovasculares","status":"publish","type":"page","link":"http:\/\/poscardio.sites.uff.br\/?page_id=6120","title":{"rendered":"Biomarker Lab UFF &#8211; Laborat\u00f3rio de Biomarcadores Cardiovasculares"},"content":{"rendered":"\n<figure class=\"wp-block-image size-full\"><img loading=\"lazy\" decoding=\"async\" width=\"233\" height=\"280\" src=\"http:\/\/poscardio.sites.uff.br\/wp-content\/uploads\/sites\/3\/2023\/02\/Logo-BIOMARK-1.png\" alt=\"\" class=\"wp-image-6128\" \/><\/figure>\n\n\n\n<p><strong>P\u00f3s-Gradua\u00e7\u00e3o em Ci\u00eancias Cardiovasculares \u2013 UFF<\/strong><\/p>\n\n\n\n<p><strong>Prof. Humberto Villacorta<\/strong><\/p>\n\n\n\n<p><strong>Nome por extenso:<\/strong> Biomark: Laborat\u00f3rio de Biomarcadores Cardiovasculares da UFF (Cardiovascular Biomarker Laboratory)<\/p>\n\n\n\n<p><strong>Nome curto:<\/strong> Biomark Lab UFF<\/p>\n\n\n\n<div class=\"wp-block-image is-style-rounded\"><figure class=\"aligncenter size-full\"><img loading=\"lazy\" decoding=\"async\" width=\"380\" height=\"404\" src=\"http:\/\/poscardio.sites.uff.br\/wp-content\/uploads\/sites\/3\/2023\/02\/Prof.-Humberto-Villacorta.jpg\" alt=\"\" class=\"wp-image-6123\" srcset=\"http:\/\/poscardio.sites.uff.br\/wp-content\/uploads\/sites\/3\/2023\/02\/Prof.-Humberto-Villacorta.jpg 380w, http:\/\/poscardio.sites.uff.br\/wp-content\/uploads\/sites\/3\/2023\/02\/Prof.-Humberto-Villacorta-282x300.jpg 282w\" sizes=\"auto, (max-width: 380px) 100vw, 380px\" \/><figcaption><strong>Coordenador:<\/strong> Prof. Humberto Villacorta<\/figcaption><\/figure><\/div>\n\n\n\n<p><strong>Setores envolvidos:<\/strong><\/p>\n\n\n\n<ul class=\"wp-block-list\"><li>Ambulat\u00f3rio de Insufici\u00eancia Card\u00edaca: Coordena\u00e7\u00e3o do Prof. Humberto Villacorta<\/li><li>Enfermarias de Cardiologia: Coordena\u00e7\u00e3o do Prof. Ant\u00f4nio Jos\u00e9 Lagoeiro Jorge<\/li><li>Unidade de An\u00e1lises Cl\u00ednicas e Anatomia Patol\u00f3gica do HUAP: Coordena\u00e7\u00e3o do Dr. Francisco Eduardo da Rocha Caldeira<\/li><li>Laborat\u00f3rio Multidisciplinar do Departamento de Patologia Cl\u00ednica: Coordena\u00e7\u00e3o Prof. Salim Kanaan e Profa. Anal\u00facia Rampazzo Xavier<\/li><li>Unidade de Pesquisa Cl\u00ednica (UPC): Coordena\u00e7\u00e3o do Prof. Beni Olej<\/li><li>Departamento de Nutri\u00e7\u00e3o e Diet\u00e9tica da Universidade de Nutri\u00e7\u00e3o: Coordenadoras Profa. Andrea Cardoso de Matos e Profa. Renata Frauches Medeiros Coimbra<\/li><li>P\u00f3s-Gradua\u00e7\u00e3o em Ci\u00eancias Cardiovasculares: Coordena\u00e7\u00e3o Prof. Evandro Tinoco Mesquita<\/li><\/ul>\n\n\n\n<p><strong>Parcerias Internacionais:<\/strong><\/p>\n\n\n\n<ul class=\"wp-block-list\"><li>Prof. Alan Maisel: Universidade da California de San Diego, EUA<\/li><li>Prof. Salvatore Di Somma: Universidade de Roma La Sapienza, It\u00e1lia<\/li><li>Prof. Nicholas Mills: Universidade de Edimburgo, Esc\u00f3cia<\/li><\/ul>\n\n\n\n<p><strong>Disciplina ministrada no Curso de PGCCV-UFF: <\/strong>Biomarkers in Heart Faliure: A Clinical Perspective<br><br><strong>Descri\u00e7\u00e3o:<\/strong> Laborat\u00f3rio de investiga\u00e7\u00e3o de biomarcadores cardiovasculares, com foco em insufici\u00eancia card\u00edaca. S\u00e3o investigados novos biomarcadores e biomarcadores j\u00e1 estabelecidos, quanto ao aspecto diagn\u00f3stico e progn\u00f3stico de doen\u00e7as cardiovasculares. As atividades incluem ainda investiga\u00e7\u00e3o de par\u00e2metros de congest\u00e3o e nutri\u00e7\u00e3o atrav\u00e9s da An\u00e1lise por Bioimped\u00e2ncia El\u00e9trica Vetorial (BIVA), em associa\u00e7\u00e3o com os biomarcadores.<\/p>\n","protected":false},"excerpt":{"rendered":"<p>P\u00f3s-Gradua\u00e7\u00e3o em Ci\u00eancias Cardiovasculares \u2013 UFF Prof. Humberto Villacorta Nome por extenso: Biomark: Laborat\u00f3rio de Biomarcadores Cardiovasculares da UFF (Cardiovascular Biomarker Laboratory) Nome curto: Biomark Lab UFF Setores envolvidos: Ambulat\u00f3rio de Insufici\u00eancia Card\u00edaca: Coordena\u00e7\u00e3o do Prof. Humberto Villacorta Enfermarias de Cardiologia: Coordena\u00e7\u00e3o do Prof. Ant\u00f4nio Jos\u00e9 Lagoeiro Jorge Unidade de An\u00e1lises Cl\u00ednicas e Anatomia Patol\u00f3gica [&hellip;]<\/p>\n","protected":false},"author":3,"featured_media":0,"parent":0,"menu_order":0,"comment_status":"closed","ping_status":"closed","template":"","meta":{"_exactmetrics_skip_tracking":false,"_exactmetrics_sitenote_active":false,"_exactmetrics_sitenote_note":"","_exactmetrics_sitenote_category":0,"footnotes":""},"categories":[],"tags":[],"class_list":["post-6120","page","type-page","status-publish","hentry"],"_links":{"self":[{"href":"http:\/\/poscardio.sites.uff.br\/index.php?rest_route=\/wp\/v2\/pages\/6120","targetHints":{"allow":["GET"]}}],"collection":[{"href":"http:\/\/poscardio.sites.uff.br\/index.php?rest_route=\/wp\/v2\/pages"}],"about":[{"href":"http:\/\/poscardio.sites.uff.br\/index.php?rest_route=\/wp\/v2\/types\/page"}],"author":[{"embeddable":true,"href":"http:\/\/poscardio.sites.uff.br\/index.php?rest_route=\/wp\/v2\/users\/3"}],"replies":[{"embeddable":true,"href":"http:\/\/poscardio.sites.uff.br\/index.php?rest_route=%2Fwp%2Fv2%2Fcomments&post=6120"}],"version-history":[{"count":4,"href":"http:\/\/poscardio.sites.uff.br\/index.php?rest_route=\/wp\/v2\/pages\/6120\/revisions"}],"predecessor-version":[{"id":6129,"href":"http:\/\/poscardio.sites.uff.br\/index.php?rest_route=\/wp\/v2\/pages\/6120\/revisions\/6129"}],"wp:attachment":[{"href":"http:\/\/poscardio.sites.uff.br\/index.php?rest_route=%2Fwp%2Fv2%2Fmedia&parent=6120"}],"wp:term":[{"taxonomy":"category","embeddable":true,"href":"http:\/\/poscardio.sites.uff.br\/index.php?rest_route=%2Fwp%2Fv2%2Fcategories&post=6120"},{"taxonomy":"post_tag","embeddable":true,"href":"http:\/\/poscardio.sites.uff.br\/index.php?rest_route=%2Fwp%2Fv2%2Ftags&post=6120"}],"curies":[{"name":"wp","href":"https:\/\/api.w.org\/{rel}","templated":true}]}}