{"id":5910,"date":"2022-11-28T11:52:48","date_gmt":"2022-11-28T11:52:48","guid":{"rendered":"http:\/\/poscardio.sites.uff.br\/?page_id=5910"},"modified":"2025-06-27T16:17:42","modified_gmt":"2025-06-27T16:17:42","slug":"o-case-amiloidose-cardiaca","status":"publish","type":"page","link":"http:\/\/poscardio.sites.uff.br\/?page_id=5910","title":{"rendered":"Projetos em destaque"},"content":{"rendered":"\n<h2 class=\"wp-block-heading\"><a href=\"http:\/\/poscardio.sites.uff.br\/?page_id=7441\" target=\"_blank\" rel=\"noreferrer noopener\">O Case Amiloidose Card\u00edaca<\/a><\/h2>\n\n\n\n<h2 class=\"wp-block-heading\"><a href=\"https:\/\/www.instagram.com\/consciencia_ciencia_uff\/\" target=\"_blank\" rel=\"noreferrer noopener\">ConsCi\u00eancia na Ci\u00eancia<\/a><\/h2>\n\n\n\n<p><\/p>\n","protected":false},"excerpt":{"rendered":"<p>O Case Amiloidose Card\u00edaca ConsCi\u00eancia na Ci\u00eancia<\/p>\n","protected":false},"author":3,"featured_media":5915,"parent":0,"menu_order":0,"comment_status":"closed","ping_status":"closed","template":"","meta":{"_exactmetrics_skip_tracking":false,"_exactmetrics_sitenote_active":false,"_exactmetrics_sitenote_note":"","_exactmetrics_sitenote_category":0,"footnotes":""},"categories":[2,4],"tags":[],"class_list":["post-5910","page","type-page","status-publish","has-post-thumbnail","hentry","category-destaques","category-noticias"],"_links":{"self":[{"href":"http:\/\/poscardio.sites.uff.br\/index.php?rest_route=\/wp\/v2\/pages\/5910","targetHints":{"allow":["GET"]}}],"collection":[{"href":"http:\/\/poscardio.sites.uff.br\/index.php?rest_route=\/wp\/v2\/pages"}],"about":[{"href":"http:\/\/poscardio.sites.uff.br\/index.php?rest_route=\/wp\/v2\/types\/page"}],"author":[{"embeddable":true,"href":"http:\/\/poscardio.sites.uff.br\/index.php?rest_route=\/wp\/v2\/users\/3"}],"replies":[{"embeddable":true,"href":"http:\/\/poscardio.sites.uff.br\/index.php?rest_route=%2Fwp%2Fv2%2Fcomments&post=5910"}],"version-history":[{"count":14,"href":"http:\/\/poscardio.sites.uff.br\/index.php?rest_route=\/wp\/v2\/pages\/5910\/revisions"}],"predecessor-version":[{"id":7449,"href":"http:\/\/poscardio.sites.uff.br\/index.php?rest_route=\/wp\/v2\/pages\/5910\/revisions\/7449"}],"wp:featuredmedia":[{"embeddable":true,"href":"http:\/\/poscardio.sites.uff.br\/index.php?rest_route=\/wp\/v2\/media\/5915"}],"wp:attachment":[{"href":"http:\/\/poscardio.sites.uff.br\/index.php?rest_route=%2Fwp%2Fv2%2Fmedia&parent=5910"}],"wp:term":[{"taxonomy":"category","embeddable":true,"href":"http:\/\/poscardio.sites.uff.br\/index.php?rest_route=%2Fwp%2Fv2%2Fcategories&post=5910"},{"taxonomy":"post_tag","embeddable":true,"href":"http:\/\/poscardio.sites.uff.br\/index.php?rest_route=%2Fwp%2Fv2%2Ftags&post=5910"}],"curies":[{"name":"wp","href":"https:\/\/api.w.org\/{rel}","templated":true}]}}