{"id":5677,"date":"2022-04-19T14:02:12","date_gmt":"2022-04-19T14:02:12","guid":{"rendered":"http:\/\/poscardio.sites.uff.br\/?page_id=5677"},"modified":"2023-01-20T11:28:35","modified_gmt":"2023-01-20T11:28:35","slug":"impacto-social-das-pesquisas-da-pg-ciencias-cardiovasculares-da-uff-estudando-prevenindo-e-transformando-o-cuidado-das-doencas-do-coracao","status":"publish","type":"page","link":"http:\/\/poscardio.sites.uff.br\/?page_id=5677","title":{"rendered":"Impacto social das pesquisas da PG Ci\u00eancias Cardiovasculares da UFF: estudando, prevenindo e transformando o cuidado das doen\u00e7as do cora\u00e7\u00e3o."},"content":{"rendered":"\n<p> Esse projeto tem como objetivo divulgar o papel da P\u00f3s-Gradua\u00e7\u00e3o em Ci\u00eancias Cardiovasculares para promover a transforma\u00e7\u00e3o cardiovascular a partir da pesquisa e o comprometimento com a inser\u00e7\u00e3o social, capacitando a comunidade acad\u00eamica e informando a sociedade em geral sobre as doen\u00e7as cardiovasculares, em parceria com o Hospital Universit\u00e1rio Antonio Pedro, o Instituto Biom\u00e9dico, e o Instituto de Computa\u00e7\u00e3o da Universidade Federal Fluminense.<br><\/p>\n\n\n\n<figure class=\"wp-block-embed is-type-video is-provider-youtube wp-block-embed-youtube wp-embed-aspect-16-9 wp-has-aspect-ratio\"><div class=\"wp-block-embed__wrapper\">\n<iframe loading=\"lazy\" title=\"&quot;Impacto social das pesquisas da PG Ci\u00eancias Cardiovasculares da UFF&quot;.\" width=\"500\" height=\"281\" src=\"https:\/\/www.youtube.com\/embed\/k2jYtmwHUB4?list=PLAHAWB8LAZjpw7RsbPDbGabhErLmGp1B9\" frameborder=\"0\" allow=\"accelerometer; autoplay; clipboard-write; encrypted-media; gyroscope; picture-in-picture; web-share\" referrerpolicy=\"strict-origin-when-cross-origin\" allowfullscreen><\/iframe>\n<\/div><\/figure>\n\n\n\n<figure class=\"wp-block-embed is-type-video is-provider-youtube wp-block-embed-youtube wp-embed-aspect-16-9 wp-has-aspect-ratio\"><div class=\"wp-block-embed__wrapper\">\n<iframe loading=\"lazy\" title=\"Prof. Humberto Villacorta fala sobre suas linhas de pequisa na PGCCV\" width=\"500\" height=\"281\" src=\"https:\/\/www.youtube.com\/embed\/iVr4kFWpQqE?feature=oembed\" frameborder=\"0\" allow=\"accelerometer; autoplay; clipboard-write; encrypted-media; gyroscope; picture-in-picture; web-share\" referrerpolicy=\"strict-origin-when-cross-origin\" allowfullscreen><\/iframe>\n<\/div><\/figure>\n\n\n\n<h1 class=\"wp-block-heading\">Dias tem\u00e1ticos das Doen\u00e7as Cardiovasculares 2023<\/h1>\n\n\n\n<p>Conscientizando e Educando a Popula\u00e7\u00e3o:<\/p>\n\n\n\n<figure class=\"wp-block-image size-large\"><img loading=\"lazy\" decoding=\"async\" width=\"1024\" height=\"1024\" src=\"http:\/\/poscardio.sites.uff.br\/wp-content\/uploads\/sites\/3\/2023\/01\/Dias-tematicos-1-1024x1024.png\" alt=\"\" class=\"wp-image-6099\" srcset=\"http:\/\/poscardio.sites.uff.br\/wp-content\/uploads\/sites\/3\/2023\/01\/Dias-tematicos-1-1024x1024.png 1024w, http:\/\/poscardio.sites.uff.br\/wp-content\/uploads\/sites\/3\/2023\/01\/Dias-tematicos-1-300x300.png 300w, http:\/\/poscardio.sites.uff.br\/wp-content\/uploads\/sites\/3\/2023\/01\/Dias-tematicos-1-150x150.png 150w, http:\/\/poscardio.sites.uff.br\/wp-content\/uploads\/sites\/3\/2023\/01\/Dias-tematicos-1-768x768.png 768w, http:\/\/poscardio.sites.uff.br\/wp-content\/uploads\/sites\/3\/2023\/01\/Dias-tematicos-1.png 1080w\" sizes=\"auto, (max-width: 1024px) 100vw, 1024px\" \/><\/figure>\n","protected":false},"excerpt":{"rendered":"<p>Esse projeto tem como objetivo divulgar o papel da P\u00f3s-Gradua\u00e7\u00e3o em Ci\u00eancias Cardiovasculares para promover a transforma\u00e7\u00e3o cardiovascular a partir da pesquisa e o comprometimento com a inser\u00e7\u00e3o social, capacitando a comunidade acad\u00eamica e informando a sociedade em geral sobre as doen\u00e7as cardiovasculares, em parceria com o Hospital Universit\u00e1rio Antonio Pedro, o Instituto Biom\u00e9dico, e [&hellip;]<\/p>\n","protected":false},"author":3,"featured_media":0,"parent":0,"menu_order":0,"comment_status":"closed","ping_status":"closed","template":"","meta":{"_exactmetrics_skip_tracking":false,"_exactmetrics_sitenote_active":false,"_exactmetrics_sitenote_note":"","_exactmetrics_sitenote_category":0,"footnotes":""},"categories":[],"tags":[],"class_list":["post-5677","page","type-page","status-publish","hentry"],"_links":{"self":[{"href":"http:\/\/poscardio.sites.uff.br\/index.php?rest_route=\/wp\/v2\/pages\/5677","targetHints":{"allow":["GET"]}}],"collection":[{"href":"http:\/\/poscardio.sites.uff.br\/index.php?rest_route=\/wp\/v2\/pages"}],"about":[{"href":"http:\/\/poscardio.sites.uff.br\/index.php?rest_route=\/wp\/v2\/types\/page"}],"author":[{"embeddable":true,"href":"http:\/\/poscardio.sites.uff.br\/index.php?rest_route=\/wp\/v2\/users\/3"}],"replies":[{"embeddable":true,"href":"http:\/\/poscardio.sites.uff.br\/index.php?rest_route=%2Fwp%2Fv2%2Fcomments&post=5677"}],"version-history":[{"count":6,"href":"http:\/\/poscardio.sites.uff.br\/index.php?rest_route=\/wp\/v2\/pages\/5677\/revisions"}],"predecessor-version":[{"id":6101,"href":"http:\/\/poscardio.sites.uff.br\/index.php?rest_route=\/wp\/v2\/pages\/5677\/revisions\/6101"}],"wp:attachment":[{"href":"http:\/\/poscardio.sites.uff.br\/index.php?rest_route=%2Fwp%2Fv2%2Fmedia&parent=5677"}],"wp:term":[{"taxonomy":"category","embeddable":true,"href":"http:\/\/poscardio.sites.uff.br\/index.php?rest_route=%2Fwp%2Fv2%2Fcategories&post=5677"},{"taxonomy":"post_tag","embeddable":true,"href":"http:\/\/poscardio.sites.uff.br\/index.php?rest_route=%2Fwp%2Fv2%2Ftags&post=5677"}],"curies":[{"name":"wp","href":"https:\/\/api.w.org\/{rel}","templated":true}]}}