{"id":4612,"date":"2023-10-10T13:45:16","date_gmt":"2023-10-10T13:45:16","guid":{"rendered":"http:\/\/poscardio.sites.uff.br\/?page_id=4612"},"modified":"2026-01-28T14:20:18","modified_gmt":"2026-01-28T14:20:18","slug":"editais-2019","status":"publish","type":"page","link":"http:\/\/poscardio.sites.uff.br\/?page_id=4612","title":{"rendered":"Editais 2026 &#8211; Mestrado e Doutorado em Ci\u00eancias Cardiovasculares &#8211; Inscri\u00e7\u00f5es Sele\u00e7\u00e3o 2026\/1: 09\/02 a 24\/02."},"content":{"rendered":"\n<h2 class=\"wp-block-heading has-text-align-left\">Editais em vigor:<\/h2>\n\n\n\n<p><a href=\"http:\/\/poscardio.sites.uff.br\/wp-content\/uploads\/sites\/3\/2026\/01\/Edital-Mestrado-12_12_2025_2025-para-a-PROPPi.pdf\">EDITAL SELE\u00c7\u00c3O MESTRADO 2026<\/a><\/p>\n\n\n\n<p><a href=\"http:\/\/poscardio.sites.uff.br\/wp-content\/uploads\/sites\/3\/2026\/01\/Edital-doutorado-12_12_2025_2025-para-a-PROPPi.pdf\">EDITAL SELE\u00c7\u00c3O DOUTORADO 2026<\/a><\/p>\n\n\n\n<p><a href=\"http:\/\/poscardio.sites.uff.br\/wp-content\/uploads\/sites\/3\/2026\/01\/Proposta-edital-selecao-ME-convenio-Brasil-Angola-2026.pdf\">PROGRAMA DE FORMA\u00c7\u00c3O DE RECURSOS HUMANOS EM SA\u00daDE<\/a><\/p>\n\n\n\n<p>Corpo Docente do PPGCCV: <a href=\"http:\/\/poscardio.sites.uff.br\/?page_id=4000\">http:\/\/poscardio.sites.uff.br\/?page_id=4000<\/a><\/p>\n\n\n\n<p>Linhas e projetos de pesquisa: <a rel=\"noreferrer noopener\" href=\"http:\/\/poscardio.sites.uff.br\/?page_id=797\" target=\"_blank\">http:\/\/poscardio.sites.uff.br\/?page_id=797<\/a><\/p>\n\n\n\n<p>Contato da Secretaria: <a href=\"mailto:ppgccv.cmm@id.uff.br\" target=\"_blank\" rel=\"noreferrer noopener\">ppgccv.cmm@id.uff.br<\/a><\/p>\n","protected":false},"excerpt":{"rendered":"<p>Editais em vigor: EDITAL SELE\u00c7\u00c3O MESTRADO 2026 EDITAL SELE\u00c7\u00c3O DOUTORADO 2026 PROGRAMA DE FORMA\u00c7\u00c3O DE RECURSOS HUMANOS EM SA\u00daDE Corpo Docente do PPGCCV: http:\/\/poscardio.sites.uff.br\/?page_id=4000 Linhas e projetos de pesquisa: http:\/\/poscardio.sites.uff.br\/?page_id=797 Contato da Secretaria: ppgccv.cmm@id.uff.br<\/p>\n","protected":false},"author":3,"featured_media":0,"parent":0,"menu_order":0,"comment_status":"closed","ping_status":"closed","template":"","meta":{"_exactmetrics_skip_tracking":false,"_exactmetrics_sitenote_active":false,"_exactmetrics_sitenote_note":"","_exactmetrics_sitenote_category":0,"footnotes":""},"categories":[2,4],"tags":[],"class_list":["post-4612","page","type-page","status-publish","hentry","category-destaques","category-noticias"],"_links":{"self":[{"href":"http:\/\/poscardio.sites.uff.br\/index.php?rest_route=\/wp\/v2\/pages\/4612","targetHints":{"allow":["GET"]}}],"collection":[{"href":"http:\/\/poscardio.sites.uff.br\/index.php?rest_route=\/wp\/v2\/pages"}],"about":[{"href":"http:\/\/poscardio.sites.uff.br\/index.php?rest_route=\/wp\/v2\/types\/page"}],"author":[{"embeddable":true,"href":"http:\/\/poscardio.sites.uff.br\/index.php?rest_route=\/wp\/v2\/users\/3"}],"replies":[{"embeddable":true,"href":"http:\/\/poscardio.sites.uff.br\/index.php?rest_route=%2Fwp%2Fv2%2Fcomments&post=4612"}],"version-history":[{"count":97,"href":"http:\/\/poscardio.sites.uff.br\/index.php?rest_route=\/wp\/v2\/pages\/4612\/revisions"}],"predecessor-version":[{"id":7719,"href":"http:\/\/poscardio.sites.uff.br\/index.php?rest_route=\/wp\/v2\/pages\/4612\/revisions\/7719"}],"wp:attachment":[{"href":"http:\/\/poscardio.sites.uff.br\/index.php?rest_route=%2Fwp%2Fv2%2Fmedia&parent=4612"}],"wp:term":[{"taxonomy":"category","embeddable":true,"href":"http:\/\/poscardio.sites.uff.br\/index.php?rest_route=%2Fwp%2Fv2%2Fcategories&post=4612"},{"taxonomy":"post_tag","embeddable":true,"href":"http:\/\/poscardio.sites.uff.br\/index.php?rest_route=%2Fwp%2Fv2%2Ftags&post=4612"}],"curies":[{"name":"wp","href":"https:\/\/api.w.org\/{rel}","templated":true}]}}