{"id":4322,"date":"2019-09-10T13:45:20","date_gmt":"2019-09-10T13:45:20","guid":{"rendered":"http:\/\/poscardio.sites.uff.br\/?page_id=4322"},"modified":"2019-09-10T14:04:34","modified_gmt":"2019-09-10T14:04:34","slug":"roteiro-para-defesa-de-tese-de-doutorado-2","status":"publish","type":"page","link":"http:\/\/poscardio.sites.uff.br\/?page_id=4322","title":{"rendered":"ROTEIRO PARA DEFESA DE TESE DE DOUTORADO"},"content":{"rendered":"\n<p><br><\/p>\n\n\n\n<p>Para que o aluno possa defender sua Disserta\u00e7\u00e3o de Mestrado \u00e9 necess\u00e1rio\nque sejam cumpridas as seguintes etapas:<\/p>\n\n\n\n<p><strong>1- Exame de Qualifica\u00e7\u00e3o<\/strong><\/p>\n\n\n\n<p>O exame de qualifica\u00e7\u00e3o consta de uma apresenta\u00e7\u00e3o oral e escrita do trabalho\nde disserta\u00e7\u00e3o ou tese do aluno, previamente a sua defesa.<\/p>\n\n\n\n<p>O mesmo ser\u00e1 apresentado a uma banca examinadora, composta por&nbsp;<strong>04\nmembros titulares (02 externos)<\/strong>&nbsp;e&nbsp;<strong>01 suplente<\/strong>, al\u00e9m do\norientador, sendo que um deles dever\u00e1 ser o revisor e participar da banca\nfinal, pelo menos como suplente.<\/p>\n\n\n\n<p><strong>O aluno, em acordo com seu orientador, dever\u00e1 encaminhar com\nanteced\u00eancia a coordena\u00e7\u00e3o sugest\u00f5es de nomes que compor\u00e3o a banca para a\naprecia\u00e7\u00e3o e aprova\u00e7\u00e3o pelo colegiado (clique aqui para baixar o formul\u00e1rio) e\nposterior envio de convite formal aos membros convidados atrav\u00e9s da secretaria.<\/strong><\/p>\n\n\n\n<p>Caso todos os membros indicados para compor a banca constem na lista de\nnomes pr\u00e9-aprovados para bancas de defesa e qualifica\u00e7\u00e3o (clique aqui para ver\na lista completa), a indica\u00e7\u00e3o da banca fica dispensada de nova aprecia\u00e7\u00e3o pelo\nColegiado.<\/p>\n\n\n\n<p><strong>Quadro 1: Composi\u00e7\u00e3o banca de qualifica\u00e7\u00e3o para os cursos de doutorado do PPGCCV<\/strong><\/p>\n\n\n\n<table class=\"wp-block-table is-style-stripes\"><tbody><tr><td>Banca<\/td><td>Componentes<\/td><\/tr><tr><td>Doutorado<\/td><td>Orientador<br>02 membros titulares PGCCV (revisor)<br>02 membros titulares externos<br>01 suplente (revisor)<\/td><\/tr><\/tbody><\/table>\n\n\n\n<p>A qualifica\u00e7\u00e3o dever\u00e1 ser realizada no m\u00e1ximo at\u00e9&nbsp;<strong>doze meses<\/strong>&nbsp;antes\nda data prevista para a defesa da tese de doutorado, conforme estabelecido no\ntermo de compromisso entregue no ato da matr\u00edcula (ver modelo aqui).<\/p>\n\n\n\n<p>Caber\u00e1 \u00e0 banca examinadora realizar cr\u00edticas e sugest\u00f5es que dever\u00e3o ser\nacatadas pelo aluno na finaliza\u00e7\u00e3o de seu trabalho de disserta\u00e7\u00e3o<\/p>\n\n\n\n<p><strong>2- Publica\u00e7\u00e3o de artigo original referente a sua tese<\/strong><\/p>\n\n\n\n<p>Conforme o&nbsp;<strong>Art. 37, do Regimento Interno do Programa,<\/strong>&nbsp;para\nobten\u00e7\u00e3o do grau de Doutor ser\u00e1 exigida a elabora\u00e7\u00e3o de tese e efetiva <strong>publica\u00e7\u00e3o<\/strong> de ao menos um artigo\noriginal em peri\u00f3dico indexado de circula\u00e7\u00e3o internacional contendo dados da\ntese, al\u00e9m da obten\u00e7\u00e3o de todos os cr\u00e9ditos do Programa.<\/p>\n\n\n\n<p>Um arquivo com o documento da revista confirmando o recebimento do\nartigo dever\u00e1 ser enviado para o e-mail do PPGCCV:&nbsp;<strong>poscardiovascularuff@gmail.com<\/strong><\/p>\n\n\n\n<p><strong>3- Defesa<\/strong><\/p>\n\n\n\n<p>Uma vez que o aluno tenha seu trabalho de pesquisa conclu\u00eddo, dever\u00e1\nredigir sua tese de doutorado, segundo as normas estabelecidas pela PGCCV\n(Manual de tese e disserta\u00e7\u00e3o) sob a supervis\u00e3o de seu orientador. A tese\ndever\u00e1 ser encaminhada ao revisor (clique aqui para saber mais). Uma vez que o\nrevisor considere a tese adequada, dever\u00e1 emitir um parecer favor\u00e1vel \u00e0 defesa\nda tese.<\/p>\n\n\n\n<p>A banca de defesa para mestrado ser\u00e1 composta por 04 membros titulares\n(02 externos) e 01 suplente, al\u00e9m do orientador, sendo que um deles dever\u00e1 ter\nsido o revisor e ter participado da banca de qualifica\u00e7\u00e3o.<\/p>\n\n\n\n<p><strong>Dentre os membros externos, pelo menos um deve ser externo \u00e0 UFF e n\u00e3o\nsomente ao PPGCCV.<\/strong><\/p>\n\n\n\n<p><strong>Quadro 2: Composi\u00e7\u00e3o banca de qualifica\u00e7\u00e3o para os cursos de mestrado do PPGCCV<\/strong><\/p>\n\n\n\n<table class=\"wp-block-table is-style-stripes\"><tbody><tr><td>Banca<\/td><td>Componentes<\/td><\/tr><tr><td>Doutorado<\/td><td>Orientador<br>02 membros titulares PGCCV (revisor)<br>02 membros titulares externos*<br>01 suplente<\/td><\/tr><\/tbody><\/table>\n\n\n\n<p><strong><em>*Pelo\nmenos um deve ser externo \u00e0 UFF e n\u00e3o somente ao PPGCCV<\/em><\/strong><\/p>\n\n\n\n<p>O aluno, em acordo com seu orientador, dever\u00e1 encaminhar com\nanteced\u00eancia \u00e0 coordena\u00e7\u00e3o sugest\u00f5es de nomes que compor\u00e3o a banca para a\naprecia\u00e7\u00e3o e aprova\u00e7\u00e3o pelo colegiado, homologa\u00e7\u00e3o da banca e posterior envio\nde convite formal aos membros convidados atrav\u00e9s da secretaria. A banca para\ndefesa poder\u00e1 ser a mesma banca da qualifica\u00e7\u00e3o.<\/p>\n\n\n\n<p>Caso todos os membros indicados para compor a banca constem na lista de\nnomes pr\u00e9-aprovados para bancas de defesa e qualifica\u00e7\u00e3o (clique aqui para ver\na lista completa), a indica\u00e7\u00e3o da banca fica dispensada de nova aprecia\u00e7\u00e3o pelo\nColegiado.<\/p>\n\n\n\n<p>O aluno dever\u00e1 enviar a tese escrita para a banca avaliadora,&nbsp;<strong>no\nm\u00ednimo quinze dias antes<\/strong>&nbsp;da data prevista para a defesa. A\napresenta\u00e7\u00e3o oral dever\u00e1 utilizar recurso \u00e1udio visual, com dura\u00e7\u00e3o de 40\nminutos, seguida de argui\u00e7\u00e3o pelos membros da banca examinadora.<\/p>\n\n\n\n<p>A disserta\u00e7\u00e3o poder\u00e1 ser&nbsp;<strong>aprovada<\/strong>,&nbsp;<strong>aprovada com\nrestri\u00e7\u00f5es<\/strong>&nbsp;ou&nbsp;<strong>reprovada<\/strong>. Em caso de aprova\u00e7\u00e3o, ou\naprova\u00e7\u00e3o com restri\u00e7\u00f5es, o aluno dever\u00e1 efetuar todas as altera\u00e7\u00f5es cab\u00edveis\nsugeridas pela banca examinadora, bem como poss\u00edveis corre\u00e7\u00f5es de formata\u00e7\u00e3o,\ngram\u00e1tica e ortografia.<\/p>\n\n\n\n<p>Dentro de&nbsp;<strong>03 meses<\/strong>, a vers\u00e3o final dever\u00e1 ser encaminhada ao\nrevisor, que verificar\u00e1 as modifica\u00e7\u00f5es realizadas, emitindo um parecer \u00e0\nPGCCV.&nbsp;<strong>A emiss\u00e3o do certificado de conclus\u00e3o do Curso de Mestrado ou\nDoutorado em Ci\u00eancias Cardiovasculares estar\u00e1 vinculada \u00e0 entrega da vers\u00e3o\nfinal aprovada pelo revisor.<\/strong><\/p>\n\n\n\n<p><strong>4- Ap\u00f3s a defesa da tese de doutorado<\/strong><\/p>\n\n\n\n<p>Os alunos aprovados dever\u00e3o entregar \u00e0 Secretaria do PPGCCV,&nbsp;<strong>no\nprazo de 30 dias<\/strong>, 01 (um) exemplar da tese devidamente encadernado (capa\ndura) e um CD-ROM ou DVD (com um arquivo completo da tese em formato PDF), sem\na inclus\u00e3o do artigo cient\u00edfico e do documento da revista, com as modifica\u00e7\u00f5es\nsugeridas pela banca examinadora para os procedimentos da conclus\u00e3o do curso e\nexpedi\u00e7\u00e3o do diploma.<\/p>\n\n\n\n<p>O arquivo completo da tese no formato PDF, com a ficha catalogr\u00e1fica\ninclu\u00edda conforme o Manual de Teses e Disserta\u00e7\u00f5es, tamb\u00e9m dever\u00e1 ser enviado,\ndentro do mesmo prazo, para o e-mail&nbsp;<strong>poscardiovascularuff@gmail.com<\/strong>.<\/p>\n\n\n\n<p>A ficha catalogr\u00e1fica \u00e9 feita diretamente na Biblioteca da Faculdade de\nMedicina. Tel: 2629-9330 email: bfm@ndc.uff.br.<\/p>\n\n\n\n<p><strong>4- Solicita\u00e7\u00e3o de Emiss\u00e3o de Diploma:<\/strong><\/p>\n\n\n\n<p>\u00c9 necess\u00e1rio abrir processo administrativo no Protocolo Geral da\nReitoria \u2013 SCA ou Protocolos Setoriais (no Hospital Universit\u00e1rio Antonio Pedro\no Protocolo est\u00e1 localizado no terceiro andar do Pr\u00e9dio Frontal), devendo\nconstar os seguintes documentos:<\/p>\n\n\n\n<p>\u00b7 C\u00f3pia da C\u00e9dula de\nIdentidade (N\u00e3o pode CNH);<\/p>\n\n\n\n<p>\u00b7 CPF;<\/p>\n\n\n\n<p>\u00b7 C\u00f3pia do Diploma\nde Gradua\u00e7\u00e3o (frente e verso);<\/p>\n\n\n\n<p>\u00b7 C\u00f3pia da certid\u00e3o\nde casamento (caso tenha alterado o nome no RG).<\/p>\n\n\n\n<p>Para retirar o Certificado de conclus\u00e3o do curso de p\u00f3s-gradua\u00e7\u00e3o, o\naluno dever\u00e1 entrar em contato com o Protocolo PROGRAD (2\u00ba andar do Pr\u00e9dio da\nReitoria, no hor\u00e1rio de 10h \u00e0s 17h) atrav\u00e9s do telefone: 2629-5091. Para tanto,\nse faz necess\u00e1rio a apresenta\u00e7\u00e3o da C\u00e9dula de Identidade. Se a retirada for\natrav\u00e9s de Procura\u00e7\u00e3o, h\u00e1 necessidade de reconhecimento de firma. Para maiores\ninforma\u00e7\u00f5es enviar e-mail para: protocolo@proac.uff.br.<\/p>\n","protected":false},"excerpt":{"rendered":"<p>Para que o aluno possa defender sua Disserta\u00e7\u00e3o de Mestrado \u00e9 necess\u00e1rio que sejam cumpridas as seguintes etapas: 1- Exame de Qualifica\u00e7\u00e3o O exame de qualifica\u00e7\u00e3o consta de uma apresenta\u00e7\u00e3o oral e escrita do trabalho de disserta\u00e7\u00e3o ou tese do aluno, previamente a sua defesa. O mesmo ser\u00e1 apresentado a uma banca examinadora, composta por&nbsp;04 [&hellip;]<\/p>\n","protected":false},"author":3,"featured_media":0,"parent":0,"menu_order":0,"comment_status":"closed","ping_status":"closed","template":"","meta":{"_exactmetrics_skip_tracking":false,"_exactmetrics_sitenote_active":false,"_exactmetrics_sitenote_note":"","_exactmetrics_sitenote_category":0,"footnotes":""},"categories":[],"tags":[],"class_list":["post-4322","page","type-page","status-publish","hentry"],"_links":{"self":[{"href":"http:\/\/poscardio.sites.uff.br\/index.php?rest_route=\/wp\/v2\/pages\/4322","targetHints":{"allow":["GET"]}}],"collection":[{"href":"http:\/\/poscardio.sites.uff.br\/index.php?rest_route=\/wp\/v2\/pages"}],"about":[{"href":"http:\/\/poscardio.sites.uff.br\/index.php?rest_route=\/wp\/v2\/types\/page"}],"author":[{"embeddable":true,"href":"http:\/\/poscardio.sites.uff.br\/index.php?rest_route=\/wp\/v2\/users\/3"}],"replies":[{"embeddable":true,"href":"http:\/\/poscardio.sites.uff.br\/index.php?rest_route=%2Fwp%2Fv2%2Fcomments&post=4322"}],"version-history":[{"count":5,"href":"http:\/\/poscardio.sites.uff.br\/index.php?rest_route=\/wp\/v2\/pages\/4322\/revisions"}],"predecessor-version":[{"id":4330,"href":"http:\/\/poscardio.sites.uff.br\/index.php?rest_route=\/wp\/v2\/pages\/4322\/revisions\/4330"}],"wp:attachment":[{"href":"http:\/\/poscardio.sites.uff.br\/index.php?rest_route=%2Fwp%2Fv2%2Fmedia&parent=4322"}],"wp:term":[{"taxonomy":"category","embeddable":true,"href":"http:\/\/poscardio.sites.uff.br\/index.php?rest_route=%2Fwp%2Fv2%2Fcategories&post=4322"},{"taxonomy":"post_tag","embeddable":true,"href":"http:\/\/poscardio.sites.uff.br\/index.php?rest_route=%2Fwp%2Fv2%2Ftags&post=4322"}],"curies":[{"name":"wp","href":"https:\/\/api.w.org\/{rel}","templated":true}]}}