{"id":4100,"date":"2019-06-13T13:33:22","date_gmt":"2019-06-13T13:33:22","guid":{"rendered":"http:\/\/poscardio.sites.uff.br\/?page_id=4100"},"modified":"2024-11-21T21:46:43","modified_gmt":"2024-11-21T21:46:43","slug":"regimento-interno-do-programa-de-pos-graduacao-em-ciencias-cardiovasculares-2","status":"publish","type":"page","link":"http:\/\/poscardio.sites.uff.br\/?page_id=4100","title":{"rendered":""},"content":{"rendered":"\n<p><strong><a href=\"http:\/\/poscardio.sites.uff.br\/?page_id=4094\">Regimento Interno do Programa de P\u00f3s-Gradua\u00e7\u00e3o em Ci\u00eancias Cardiovasculares &#8211; Resolu\u00e7\u00e3o 299\/2008, de 17 de setembro de 2008, do Conselho de Ensino, Pesquisa e Extens\u00e3o<\/a><\/strong><\/p>\n\n\n\n<p><strong><a href=\"http:\/\/poscienciasmedicas.uff.br\/wp-content\/uploads\/sites\/394\/2018\/07\/Regulamento_geral.pdf\" target=\"_blank\" rel=\"noreferrer noopener\">Regulamento dos Programas de P\u00f3s-gradua\u00e7\u00e3o&nbsp;<em>Stricto-sensu<\/em>&nbsp;da Universidade Federal Fluminense \u2013 Resolu\u00e7\u00e3o CEPEX 498\/2016, de 30\/11\/2016<\/a><\/strong><\/p>\n","protected":false},"excerpt":{"rendered":"<p>Regimento Interno do Programa de P\u00f3s-Gradua\u00e7\u00e3o em Ci\u00eancias Cardiovasculares &#8211; Resolu\u00e7\u00e3o 299\/2008, de 17 de setembro de 2008, do Conselho de Ensino, Pesquisa e Extens\u00e3o Regulamento dos Programas de P\u00f3s-gradua\u00e7\u00e3o&nbsp;Stricto-sensu&nbsp;da Universidade Federal Fluminense \u2013 Resolu\u00e7\u00e3o CEPEX 498\/2016, de 30\/11\/2016<\/p>\n","protected":false},"author":3,"featured_media":0,"parent":0,"menu_order":0,"comment_status":"closed","ping_status":"closed","template":"","meta":{"_exactmetrics_skip_tracking":false,"_exactmetrics_sitenote_active":false,"_exactmetrics_sitenote_note":"","_exactmetrics_sitenote_category":0,"footnotes":""},"categories":[],"tags":[],"class_list":["post-4100","page","type-page","status-publish","hentry"],"_links":{"self":[{"href":"http:\/\/poscardio.sites.uff.br\/index.php?rest_route=\/wp\/v2\/pages\/4100","targetHints":{"allow":["GET"]}}],"collection":[{"href":"http:\/\/poscardio.sites.uff.br\/index.php?rest_route=\/wp\/v2\/pages"}],"about":[{"href":"http:\/\/poscardio.sites.uff.br\/index.php?rest_route=\/wp\/v2\/types\/page"}],"author":[{"embeddable":true,"href":"http:\/\/poscardio.sites.uff.br\/index.php?rest_route=\/wp\/v2\/users\/3"}],"replies":[{"embeddable":true,"href":"http:\/\/poscardio.sites.uff.br\/index.php?rest_route=%2Fwp%2Fv2%2Fcomments&post=4100"}],"version-history":[{"count":4,"href":"http:\/\/poscardio.sites.uff.br\/index.php?rest_route=\/wp\/v2\/pages\/4100\/revisions"}],"predecessor-version":[{"id":4105,"href":"http:\/\/poscardio.sites.uff.br\/index.php?rest_route=\/wp\/v2\/pages\/4100\/revisions\/4105"}],"wp:attachment":[{"href":"http:\/\/poscardio.sites.uff.br\/index.php?rest_route=%2Fwp%2Fv2%2Fmedia&parent=4100"}],"wp:term":[{"taxonomy":"category","embeddable":true,"href":"http:\/\/poscardio.sites.uff.br\/index.php?rest_route=%2Fwp%2Fv2%2Fcategories&post=4100"},{"taxonomy":"post_tag","embeddable":true,"href":"http:\/\/poscardio.sites.uff.br\/index.php?rest_route=%2Fwp%2Fv2%2Ftags&post=4100"}],"curies":[{"name":"wp","href":"https:\/\/api.w.org\/{rel}","templated":true}]}}