{"id":4077,"date":"2019-06-07T13:26:36","date_gmt":"2019-06-07T13:26:36","guid":{"rendered":"http:\/\/poscardio.sites.uff.br\/?page_id=4077"},"modified":"2024-11-21T21:46:43","modified_gmt":"2024-11-21T21:46:43","slug":"curriculo","status":"publish","type":"page","link":"http:\/\/poscardio.sites.uff.br\/?page_id=4077","title":{"rendered":""},"content":{"rendered":"\n<p><a href=\"http:\/\/poscardio.sites.uff.br\/wp-content\/uploads\/sites\/3\/2019\/06\/Resolu\u00e7\u00e3o-no-573-de-2017-completa.pdf\">Curr\u00edculo do Programa de P\u00f3s-Gradua\u00e7\u00e3o em Ci\u00eancias Cardiovasculares (Cursos de Mestrado e Doutorado)<\/a><\/p>\n","protected":false},"excerpt":{"rendered":"<p>Curr\u00edculo do Programa de P\u00f3s-Gradua\u00e7\u00e3o em Ci\u00eancias Cardiovasculares (Cursos de Mestrado e Doutorado)<\/p>\n","protected":false},"author":3,"featured_media":0,"parent":0,"menu_order":0,"comment_status":"closed","ping_status":"closed","template":"","meta":{"_exactmetrics_skip_tracking":false,"_exactmetrics_sitenote_active":false,"_exactmetrics_sitenote_note":"","_exactmetrics_sitenote_category":0,"footnotes":""},"categories":[],"tags":[],"class_list":["post-4077","page","type-page","status-publish","hentry"],"_links":{"self":[{"href":"http:\/\/poscardio.sites.uff.br\/index.php?rest_route=\/wp\/v2\/pages\/4077","targetHints":{"allow":["GET"]}}],"collection":[{"href":"http:\/\/poscardio.sites.uff.br\/index.php?rest_route=\/wp\/v2\/pages"}],"about":[{"href":"http:\/\/poscardio.sites.uff.br\/index.php?rest_route=\/wp\/v2\/types\/page"}],"author":[{"embeddable":true,"href":"http:\/\/poscardio.sites.uff.br\/index.php?rest_route=\/wp\/v2\/users\/3"}],"replies":[{"embeddable":true,"href":"http:\/\/poscardio.sites.uff.br\/index.php?rest_route=%2Fwp%2Fv2%2Fcomments&post=4077"}],"version-history":[{"count":3,"href":"http:\/\/poscardio.sites.uff.br\/index.php?rest_route=\/wp\/v2\/pages\/4077\/revisions"}],"predecessor-version":[{"id":4080,"href":"http:\/\/poscardio.sites.uff.br\/index.php?rest_route=\/wp\/v2\/pages\/4077\/revisions\/4080"}],"wp:attachment":[{"href":"http:\/\/poscardio.sites.uff.br\/index.php?rest_route=%2Fwp%2Fv2%2Fmedia&parent=4077"}],"wp:term":[{"taxonomy":"category","embeddable":true,"href":"http:\/\/poscardio.sites.uff.br\/index.php?rest_route=%2Fwp%2Fv2%2Fcategories&post=4077"},{"taxonomy":"post_tag","embeddable":true,"href":"http:\/\/poscardio.sites.uff.br\/index.php?rest_route=%2Fwp%2Fv2%2Ftags&post=4077"}],"curies":[{"name":"wp","href":"https:\/\/api.w.org\/{rel}","templated":true}]}}