{"id":3959,"date":"2019-05-20T15:18:46","date_gmt":"2019-05-20T15:18:46","guid":{"rendered":"http:\/\/poscardio.sites.uff.br\/?page_id=3959"},"modified":"2019-05-20T16:27:11","modified_gmt":"2019-05-20T16:27:11","slug":"uff-nas-pracas-ppgccv-participa-de-acoes-de-divulgacao-de-projetos-em-pracas-de-niteroi","status":"publish","type":"page","link":"http:\/\/poscardio.sites.uff.br\/?page_id=3959","title":{"rendered":"UFF nas Pra\u00e7as: PPGCCV participa de a\u00e7\u00f5es de divulga\u00e7\u00e3o de projetos em pra\u00e7as de Niter\u00f3i"},"content":{"rendered":"\n<p>A Universidade Federal Fluminense est\u00e1 realizando nesse m\u00eas de maio uma s\u00e9rie de a\u00e7\u00f5es em prol da universidade p\u00fablica gratuita, inclusiva e de alta qualidade. H\u00e1 uma grande onda de manifesta\u00e7\u00e3o de solidariedade que envolve a comunidade acad\u00eamica nacional, familiares, a sociedade em geral, entidades civis, jornalistas, artistas e personalidades. O objetivo \u00e9 \u201cmostrar para a sociedade o impacto e o valor das atividades desenvolvidas nas universidades p\u00fablicas.\u201d<\/p>\n\n\n\n<p>A a\u00e7\u00e3o teve in\u00edcio no dia 08 com atos convocados pelos discentes e entidades. Em seguida, no dia 15, houve ampla agenda de mobiliza\u00e7\u00e3o nacional. Na sequ\u00eancia, a administra\u00e7\u00e3o da Universidade Federal Fluminense organizar\u00e1 o <strong>\u201cUFF nas Pra\u00e7as\u201d nos dias 22 e 25 de maio<\/strong>. Essa atividade vai levar os servi\u00e7os de atendimento gratuito, a\u00e7\u00f5es extensionistas e de divulga\u00e7\u00e3o cient\u00edfica e tecnol\u00f3gica para locais de grande circula\u00e7\u00e3o de pessoas. A ideia \u00e9 mostrar os benef\u00edcios sociais diretos da universidade p\u00fablica, enfatizando seu car\u00e1ter transformador tanto das hist\u00f3rias pessoais quanto do desenvolvimento nacional.<\/p>\n\n\n\n<p>O PPGCCV estar\u00e1 presente nos dois dias do evento, com a participa\u00e7\u00e3o de projetos de pesquisa, extens\u00e3o, inova\u00e7\u00e3o e inser\u00e7\u00e3o no mercado. No dia 22 de maio, na Pra\u00e7a Arariboia, as professoras Grazielle Huguenin e Renata Frauches desenvolver\u00e3o atividades de avalia\u00e7\u00e3o nutricional e educa\u00e7\u00e3o nutricional, al\u00e9m de atividades de promo\u00e7\u00e3o da sa\u00fade do idoso. O Dr Jos\u00e9 Luiz Prata, m\u00e9dico do exerc\u00edcio que atua na Reabilita\u00e7\u00e3o Card\u00edaca do HUAP, dar\u00e1 orienta\u00e7\u00f5es para a pr\u00e1tica de exerc\u00edcio f\u00edsico. Essas atividades ocorrer\u00e3o das 9h \u00e0s 17h.<\/p>\n\n\n\n<p>Tamb\u00e9m no dia 22, a Profa Thereza Cristina Bargut estar\u00e1 com seus alunos do projeto de extens\u00e3o &#8220;Desvendando o Corpo Humano&#8221; na pra\u00e7a Demerval Barbosa (Nova Friburgo). O projeto promove visitas ao Laborat\u00f3rio de Anatomia do ISNF para alunos de ensino m\u00e9dio, cursos pr\u00e9-vestibular e cursos t\u00e9cnicos da \u00e1rea da sa\u00fade. Na parte da manh\u00e3, haver\u00e1 divulga\u00e7\u00e3o do projeto e, na parte da tarde, o Anat\u00f4mico estar\u00e1 de portas abertas para receber os interessados e dar uma amostra do que fazemos no projeto. <\/p>\n\n\n\n<p>J\u00e1 no dia 25 de maio, a Profa Christianne Bretas, vice-coordenadora do PPGCCV, estar\u00e1 divulgando o projeto &#8220;Avalia\u00e7\u00e3o Bioqu\u00edmica, molecular e funcional do sistema cardiovascular\/ renal em diferentes modelos animais de m\u00e1 nutri\u00e7\u00e3o durante a lacta\u00e7\u00e3o&#8221;. O estudo poder\u00e1 direcionar estrat\u00e9gias para melhor assist\u00eancia de sa\u00fade \u00e0 lactante e lactentes de modo a prevenir agravos cardiovasculares em longo prazo. Na mesma data, a Profa Dayse Mary Correia, do Programa de P\u00f3s-gradua\u00e7\u00e3o em Ci\u00eancias do Cuidado em Sa\u00fade da UFF, dar\u00e1 orienta\u00e7\u00f5es sobre h\u00e1bitos de sa\u00fade e preven\u00e7\u00e3o cardiovascular. O Grupo de Enfermagem e Pesquisa em Hipertens\u00e3o Arterial Sist\u00eamica tamb\u00e9m estar\u00e1 participando da atividade, representando o N\u00facleo Multidisciplinar (NUPHAS). Ambas as atividades ocorrer\u00e3o no Campo de S\u00e3o Bento, a partir das 13h.<\/p>\n\n\n\n<p>Para mais informa\u00e7\u00f5es sobre o &#8220;UFF nas Pra\u00e7as&#8221;, clique <a href=\"http:\/\/uff.br\/?q=noticias%2F07-05-2019%2Fuff-nas-pracas-acao-de-divulgacao-dos-projetos-da-uff&amp;fbclid=IwAR1jnzZefFxMeqwDO1F8kNo92OmCstsMfAbHxOPiuIfaO3sqCjKXK0tFzHY\">aqui<\/a>.<\/p>\n\n\n\n<p>Fonte: AGIR &#8211; UFF<\/p>\n","protected":false},"excerpt":{"rendered":"<p>A Universidade Federal Fluminense est\u00e1 realizando nesse m\u00eas de maio uma s\u00e9rie de a\u00e7\u00f5es em prol da universidade p\u00fablica gratuita, inclusiva e de alta qualidade. H\u00e1 uma grande onda de manifesta\u00e7\u00e3o de solidariedade que envolve a comunidade acad\u00eamica nacional, familiares, a sociedade em geral, entidades civis, jornalistas, artistas e personalidades. O objetivo \u00e9 \u201cmostrar para [&hellip;]<\/p>\n","protected":false},"author":3,"featured_media":3960,"parent":0,"menu_order":0,"comment_status":"closed","ping_status":"closed","template":"","meta":{"_exactmetrics_skip_tracking":false,"_exactmetrics_sitenote_active":false,"_exactmetrics_sitenote_note":"","_exactmetrics_sitenote_category":0,"footnotes":""},"categories":[2,4],"tags":[],"class_list":["post-3959","page","type-page","status-publish","has-post-thumbnail","hentry","category-destaques","category-noticias"],"_links":{"self":[{"href":"http:\/\/poscardio.sites.uff.br\/index.php?rest_route=\/wp\/v2\/pages\/3959","targetHints":{"allow":["GET"]}}],"collection":[{"href":"http:\/\/poscardio.sites.uff.br\/index.php?rest_route=\/wp\/v2\/pages"}],"about":[{"href":"http:\/\/poscardio.sites.uff.br\/index.php?rest_route=\/wp\/v2\/types\/page"}],"author":[{"embeddable":true,"href":"http:\/\/poscardio.sites.uff.br\/index.php?rest_route=\/wp\/v2\/users\/3"}],"replies":[{"embeddable":true,"href":"http:\/\/poscardio.sites.uff.br\/index.php?rest_route=%2Fwp%2Fv2%2Fcomments&post=3959"}],"version-history":[{"count":3,"href":"http:\/\/poscardio.sites.uff.br\/index.php?rest_route=\/wp\/v2\/pages\/3959\/revisions"}],"predecessor-version":[{"id":3963,"href":"http:\/\/poscardio.sites.uff.br\/index.php?rest_route=\/wp\/v2\/pages\/3959\/revisions\/3963"}],"wp:featuredmedia":[{"embeddable":true,"href":"http:\/\/poscardio.sites.uff.br\/index.php?rest_route=\/wp\/v2\/media\/3960"}],"wp:attachment":[{"href":"http:\/\/poscardio.sites.uff.br\/index.php?rest_route=%2Fwp%2Fv2%2Fmedia&parent=3959"}],"wp:term":[{"taxonomy":"category","embeddable":true,"href":"http:\/\/poscardio.sites.uff.br\/index.php?rest_route=%2Fwp%2Fv2%2Fcategories&post=3959"},{"taxonomy":"post_tag","embeddable":true,"href":"http:\/\/poscardio.sites.uff.br\/index.php?rest_route=%2Fwp%2Fv2%2Ftags&post=3959"}],"curies":[{"name":"wp","href":"https:\/\/api.w.org\/{rel}","templated":true}]}}