{"id":3937,"date":"2019-05-15T14:27:19","date_gmt":"2019-05-15T14:27:19","guid":{"rendered":"http:\/\/poscardio.sites.uff.br\/?page_id=3937"},"modified":"2019-05-17T17:55:39","modified_gmt":"2019-05-17T17:55:39","slug":"selecao-mestrado-e-doutorado-em-ciencias-cardiovasculares-inscricoes-20-a-22-de-maio-de-2019","status":"publish","type":"page","link":"http:\/\/poscardio.sites.uff.br\/?page_id=3937","title":{"rendered":"SELE\u00c7\u00c3O MESTRADO E DOUTORADO EM CI\u00caNCIAS CARDIOVASCULARES &#8211; INSCRI\u00c7\u00d5ES: 20 A 22 DE MAIO DE 2019"},"content":{"rendered":"\n<p> A Coordena\u00e7\u00e3o do Programa de P\u00f3s-Gradua\u00e7\u00e3o em Ci\u00eancias Cardiovasculares da Universidade Federal Fluminense faz saber que estar\u00e3o abertas as inscri\u00e7\u00f5es para o processo de sele\u00e7\u00e3o do curso de P\u00f3s-Gradua\u00e7\u00e3o \u201cStricto Sensu\u201d, n\u00edveis MESTRADO e DOUTORADO.<\/p>\n\n\n\n<p><strong> INSCRI\u00c7\u00d5ES: <\/strong><\/p>\n\n\n\n<p><strong>Local:<\/strong> Secretaria do Programa de P\u00f3s-Gradua\u00e7\u00e3o em Ci\u00eancias Cardiovasculares Rua Marqu\u00eas do Paran\u00e1, no 303, 4o andar \u2013 pr\u00e9dio anexo do HUAP CEP: 24030-215 \u2013 Centro \u2013 Niter\u00f3i \u2013 RJ. Tel.: 2629-9382.<\/p>\n\n\n\n<p><strong>Per\u00edodo:<\/strong>  20 a 22 de maio de 2019. <\/p>\n\n\n\n<p><strong>Hor\u00e1rio:<\/strong> das 9h \u00e0s 12h. <\/p>\n\n\n\n<p><strong>Exame de Sele\u00e7\u00e3o:<\/strong> <\/p>\n\n\n\n<p>23 de maio de 2019, 10h: 1\u00aa fase &#8211; Prova de ingl\u00eas <\/p>\n\n\n\n<p>29 de maio de 2019, 9h: 2\u00aa fase &#8211; Apresenta\u00e7\u00e3o de anteprojeto\/entrevista <\/p>\n\n\n\n<p><strong>Homologa\u00e7\u00e3o de resultado final ap\u00f3s recurso e devida resposta:<\/strong> 07 de junho de 2019 <\/p>\n\n\n\n<p>Clique <a href=\"http:\/\/www.editais.uff.br\/sites\/default\/files\/arquivos\/2019_CI%C3%8ANCIAS_CARDIOVASCULARES_-_M.pdf\">aqui<\/a> para acessar o Edital de Mestrado.<\/p>\n\n\n\n<p>Clique <a href=\"http:\/\/www.editais.uff.br\/sites\/default\/files\/arquivos\/2019_CI%C3%8ANCIAS_CARDIOVASCULARES_-_D.pdf\">aqui<\/a> para acessar o Edital de Doutorado.<\/p>\n\n\n\n<p>Clique <a href=\"http:\/\/www.planalto.gov.br\/ccivil_03\/_ato2007-2010\/2008\/decreto\/d6593.htm\">aqui<\/a> para acessar a legisla\u00e7\u00e3o referente \u00e0 isen\u00e7\u00e3o de pagamento de taxa de inscri\u00e7\u00e3o em concursos p\u00fablicos realizados no \u00e2mbito do Poder Executivo federal. <\/p>\n\n\n\n<p>Clique <a href=\"http:\/\/poscardio.sites.uff.br\/wp-content\/uploads\/sites\/3\/2019\/05\/Formul\u00e1rio-de-solicita\u00e7\u00e3o-de-isen\u00e7\u00e3o-de-taxa-de-inscri\u00e7\u00e3o-para-sele\u00e7\u00e3o-de-mestrado-e-doutorado.docx\">aqui<\/a> para baixar o Formul\u00e1rio de Solicita\u00e7\u00e3o de Isen\u00e7\u00e3o de Taxa de Inscri\u00e7\u00e3o.<\/p>\n\n\n\n<p>O Formul\u00e1rio de Solicita\u00e7\u00e3o de Isen\u00e7\u00e3o de Taxa de Inscri\u00e7\u00e3o, bem como a documenta\u00e7\u00e3o comprobat\u00f3ria, dever\u00e3o ser enviados para o e-mail poscardiovascularuff@gmail.com, at\u00e9 as 14h do dia 17 de maio de 2019, para an\u00e1lise. Em caso de deferimento da solicita\u00e7\u00e3o, o candidato dever\u00e1 trazer o formul\u00e1rio e os comprovantes impressos, juntamente com o restante da documenta\u00e7\u00e3o exigida no item 4 do Edital, no ato da inscri\u00e7\u00e3o.<\/p>\n\n\n\n<figure class=\"wp-block-image\"><img loading=\"lazy\" decoding=\"async\" width=\"724\" height=\"1024\" src=\"http:\/\/poscardio.sites.uff.br\/wp-content\/uploads\/sites\/3\/2019\/05\/Processo-Seletivo-maio-2019-mestrado-e-doutorado-724x1024.png\" alt=\"\" class=\"wp-image-3938\" srcset=\"http:\/\/poscardio.sites.uff.br\/wp-content\/uploads\/sites\/3\/2019\/05\/Processo-Seletivo-maio-2019-mestrado-e-doutorado-724x1024.png 724w, http:\/\/poscardio.sites.uff.br\/wp-content\/uploads\/sites\/3\/2019\/05\/Processo-Seletivo-maio-2019-mestrado-e-doutorado-212x300.png 212w, http:\/\/poscardio.sites.uff.br\/wp-content\/uploads\/sites\/3\/2019\/05\/Processo-Seletivo-maio-2019-mestrado-e-doutorado-768x1086.png 768w, http:\/\/poscardio.sites.uff.br\/wp-content\/uploads\/sites\/3\/2019\/05\/Processo-Seletivo-maio-2019-mestrado-e-doutorado.png 1588w\" sizes=\"auto, (max-width: 724px) 100vw, 724px\" \/><\/figure>\n\n\n\n<p>Importante! O cronograma do 2o semestre de 2019 (Anexo I do Edital) est\u00e1 mantido.<\/p>\n","protected":false},"excerpt":{"rendered":"<p>A Coordena\u00e7\u00e3o do Programa de P\u00f3s-Gradua\u00e7\u00e3o em Ci\u00eancias Cardiovasculares da Universidade Federal Fluminense faz saber que estar\u00e3o abertas as inscri\u00e7\u00f5es para o processo de sele\u00e7\u00e3o do curso de P\u00f3s-Gradua\u00e7\u00e3o \u201cStricto Sensu\u201d, n\u00edveis MESTRADO e DOUTORADO. INSCRI\u00c7\u00d5ES: Local: Secretaria do Programa de P\u00f3s-Gradua\u00e7\u00e3o em Ci\u00eancias Cardiovasculares Rua Marqu\u00eas do Paran\u00e1, no 303, 4o andar \u2013 pr\u00e9dio [&hellip;]<\/p>\n","protected":false},"author":3,"featured_media":3938,"parent":0,"menu_order":0,"comment_status":"closed","ping_status":"closed","template":"","meta":{"_exactmetrics_skip_tracking":false,"_exactmetrics_sitenote_active":false,"_exactmetrics_sitenote_note":"","_exactmetrics_sitenote_category":0,"footnotes":""},"categories":[2,4],"tags":[],"class_list":["post-3937","page","type-page","status-publish","has-post-thumbnail","hentry","category-destaques","category-noticias"],"_links":{"self":[{"href":"http:\/\/poscardio.sites.uff.br\/index.php?rest_route=\/wp\/v2\/pages\/3937","targetHints":{"allow":["GET"]}}],"collection":[{"href":"http:\/\/poscardio.sites.uff.br\/index.php?rest_route=\/wp\/v2\/pages"}],"about":[{"href":"http:\/\/poscardio.sites.uff.br\/index.php?rest_route=\/wp\/v2\/types\/page"}],"author":[{"embeddable":true,"href":"http:\/\/poscardio.sites.uff.br\/index.php?rest_route=\/wp\/v2\/users\/3"}],"replies":[{"embeddable":true,"href":"http:\/\/poscardio.sites.uff.br\/index.php?rest_route=%2Fwp%2Fv2%2Fcomments&post=3937"}],"version-history":[{"count":8,"href":"http:\/\/poscardio.sites.uff.br\/index.php?rest_route=\/wp\/v2\/pages\/3937\/revisions"}],"predecessor-version":[{"id":3958,"href":"http:\/\/poscardio.sites.uff.br\/index.php?rest_route=\/wp\/v2\/pages\/3937\/revisions\/3958"}],"wp:featuredmedia":[{"embeddable":true,"href":"http:\/\/poscardio.sites.uff.br\/index.php?rest_route=\/wp\/v2\/media\/3938"}],"wp:attachment":[{"href":"http:\/\/poscardio.sites.uff.br\/index.php?rest_route=%2Fwp%2Fv2%2Fmedia&parent=3937"}],"wp:term":[{"taxonomy":"category","embeddable":true,"href":"http:\/\/poscardio.sites.uff.br\/index.php?rest_route=%2Fwp%2Fv2%2Fcategories&post=3937"},{"taxonomy":"post_tag","embeddable":true,"href":"http:\/\/poscardio.sites.uff.br\/index.php?rest_route=%2Fwp%2Fv2%2Ftags&post=3937"}],"curies":[{"name":"wp","href":"https:\/\/api.w.org\/{rel}","templated":true}]}}