{"id":3923,"date":"2019-05-07T13:03:04","date_gmt":"2019-05-07T13:03:04","guid":{"rendered":"http:\/\/poscardio.sites.uff.br\/?page_id=3923"},"modified":"2024-11-21T21:46:43","modified_gmt":"2024-11-21T21:46:43","slug":"alunos-ppgccv-concorrem-a-premios-no-36o-congresso-socerj","status":"publish","type":"page","link":"http:\/\/poscardio.sites.uff.br\/?page_id=3923","title":{"rendered":"Alunos PPGCCV concorrem a pr\u00eamios no 36o Congresso SOCERJ"},"content":{"rendered":"\n<p>O 36o Congresso SOCERJ ter\u00e1 in\u00edcio amanh\u00e3, dia 08 de maio de 2019, no Centro de Conven\u00e7\u00f5es Sul Am\u00e9rica na cidade do Rio de Janeiro. Ser\u00e3o 3 dias de Congresso, com mais de 2000 participantes, durante os quais ocorrer\u00e1<strong> <\/strong>uma extensa troca de experi\u00eancias entre colegas atrav\u00e9s de sess\u00f5es interativas, voltadas ao manuseio de problemas cl\u00ednicos do dia a dia atrav\u00e9s do desenrolar de casos cl\u00ednicos e modelos de col\u00f3quios. <\/p>\n\n\n\n<p>Os tradicionais Simp\u00f3sios de Cardiologia Intervencionista, Imers\u00e3o em Arritmias para o Cl\u00ednico, GEMCA\/SOCERJ de Espiritualidade e Cardiometabolismo ser\u00e3o apresentados na quarta-feira, juntamente com as batalhas de Ligas e Residentes em cardiologia.<br>Ser\u00e3o 65 sess\u00f5es e diversos simp\u00f3sios em parceria com convidados nacionais ( SOCESP, SOTIERJ e SBD) e internacionais ( DUKE University), al\u00e9m dos tradicionais eventos sat\u00e9lites e tem\u00e1ticos.<br><\/p>\n\n\n\n<p>Nessa edi\u00e7\u00e3o, como em anos anteriores, os alunos do PPGCCV estar\u00e3o na disputa pelos pr\u00eamios de melhor trabalho cient\u00edfico nas categorias Melhor TL Pesquisador e Melhor TL Residente. \u00c9 o caso do aluno de doutorado Erito Marques, cujo trabalho &#8220;Uso de crit\u00e9rios de apropria\u00e7\u00e3o para solicita\u00e7\u00e3o adequada de cintilografias de perfus\u00e3o mioc\u00e1rdica: uma aplicativo para suporte a tomada de decis\u00e3o&#8221;, foi aprovado pela Comiss\u00e3o Julgadora de Temas Livres para apresenta\u00e7\u00e3o Melhor TL Pesquisador. Erito tamb\u00e9m estar\u00e1 concorrendo como coautor na categoria Melhor TL IC, sob supervis\u00e3o da Profa Maria Luiza Garcia Rosa e do Prof. Wolney de Andrade Martins, com o trabalho &#8220;Tend\u00eancias temporais da mortalidade por doen\u00e7a cardiovascular e c\u00e2ncer entre 2000 e 2015 nas capitais mais populosas das cinco regi\u00f5es do pa\u00eds&#8221;. <\/p>\n\n\n\n<figure class=\"wp-block-image\"><img loading=\"lazy\" decoding=\"async\" width=\"1024\" height=\"768\" src=\"http:\/\/poscardio.sites.uff.br\/wp-content\/uploads\/sites\/3\/2019\/05\/Erito-foto-1024x768.jpg\" alt=\"\" class=\"wp-image-3927\" srcset=\"http:\/\/poscardio.sites.uff.br\/wp-content\/uploads\/sites\/3\/2019\/05\/Erito-foto-1024x768.jpg 1024w, http:\/\/poscardio.sites.uff.br\/wp-content\/uploads\/sites\/3\/2019\/05\/Erito-foto-300x225.jpg 300w, http:\/\/poscardio.sites.uff.br\/wp-content\/uploads\/sites\/3\/2019\/05\/Erito-foto-768x576.jpg 768w, http:\/\/poscardio.sites.uff.br\/wp-content\/uploads\/sites\/3\/2019\/05\/Erito-foto-160x120.jpg 160w\" sizes=\"auto, (max-width: 1024px) 100vw, 1024px\" \/><figcaption>Erito Marques de Souza, primeiro aluno MD-PhD do PPGCCV, concorre a pr\u00eamios.<\/figcaption><\/figure>\n\n\n\n<p>Outro aluno do PPGCCV que estar\u00e1 concorrendo \u00e0 premia\u00e7\u00e3o no 36o SOCERJ \u00e9 o mestrando Rafael Mansur Souto, orientado pelo Prof Marcelo Nacif. Rafael est\u00e1 concorrendo ao pr\u00eamio Melhor TL Residente, com o trabalho &#8220;O valor preditivo negativo e acur\u00e1cia da an\u00e1lise de 844 segmentos coronarianos pela angitomografia de coron\u00e1ria &#8211; compara\u00e7\u00e3o segmento por segmento com o cateterismo card\u00edaco&#8221;.<\/p>\n\n\n\n<p>Para mais informa\u00e7\u00f5es e para acessar a programa\u00e7\u00e3o completa do 36o Congresso SOCERJ, clique <a href=\"https:\/\/36congresso.socerj.org.br\/\">aqui<\/a>.<\/p>\n","protected":false},"excerpt":{"rendered":"<p>O 36o Congresso SOCERJ ter\u00e1 in\u00edcio amanh\u00e3, dia 08 de maio de 2019, no Centro de Conven\u00e7\u00f5es Sul Am\u00e9rica na cidade do Rio de Janeiro. Ser\u00e3o 3 dias de Congresso, com mais de 2000 participantes, durante os quais ocorrer\u00e1 uma extensa troca de experi\u00eancias entre colegas atrav\u00e9s de sess\u00f5es interativas, voltadas ao manuseio de problemas [&hellip;]<\/p>\n","protected":false},"author":3,"featured_media":3925,"parent":0,"menu_order":0,"comment_status":"closed","ping_status":"closed","template":"","meta":{"_exactmetrics_skip_tracking":false,"_exactmetrics_sitenote_active":false,"_exactmetrics_sitenote_note":"","_exactmetrics_sitenote_category":0,"footnotes":""},"categories":[2,4],"tags":[],"class_list":["post-3923","page","type-page","status-publish","has-post-thumbnail","hentry","category-destaques","category-noticias"],"_links":{"self":[{"href":"http:\/\/poscardio.sites.uff.br\/index.php?rest_route=\/wp\/v2\/pages\/3923","targetHints":{"allow":["GET"]}}],"collection":[{"href":"http:\/\/poscardio.sites.uff.br\/index.php?rest_route=\/wp\/v2\/pages"}],"about":[{"href":"http:\/\/poscardio.sites.uff.br\/index.php?rest_route=\/wp\/v2\/types\/page"}],"author":[{"embeddable":true,"href":"http:\/\/poscardio.sites.uff.br\/index.php?rest_route=\/wp\/v2\/users\/3"}],"replies":[{"embeddable":true,"href":"http:\/\/poscardio.sites.uff.br\/index.php?rest_route=%2Fwp%2Fv2%2Fcomments&post=3923"}],"version-history":[{"count":7,"href":"http:\/\/poscardio.sites.uff.br\/index.php?rest_route=\/wp\/v2\/pages\/3923\/revisions"}],"predecessor-version":[{"id":3933,"href":"http:\/\/poscardio.sites.uff.br\/index.php?rest_route=\/wp\/v2\/pages\/3923\/revisions\/3933"}],"wp:featuredmedia":[{"embeddable":true,"href":"http:\/\/poscardio.sites.uff.br\/index.php?rest_route=\/wp\/v2\/media\/3925"}],"wp:attachment":[{"href":"http:\/\/poscardio.sites.uff.br\/index.php?rest_route=%2Fwp%2Fv2%2Fmedia&parent=3923"}],"wp:term":[{"taxonomy":"category","embeddable":true,"href":"http:\/\/poscardio.sites.uff.br\/index.php?rest_route=%2Fwp%2Fv2%2Fcategories&post=3923"},{"taxonomy":"post_tag","embeddable":true,"href":"http:\/\/poscardio.sites.uff.br\/index.php?rest_route=%2Fwp%2Fv2%2Ftags&post=3923"}],"curies":[{"name":"wp","href":"https:\/\/api.w.org\/{rel}","templated":true}]}}