{"id":3905,"date":"2019-05-02T20:49:48","date_gmt":"2019-05-02T20:49:48","guid":{"rendered":"http:\/\/poscardio.sites.uff.br\/?page_id=3905"},"modified":"2019-05-02T22:31:00","modified_gmt":"2019-05-02T22:31:00","slug":"ppgccv-oferece-disciplina-sobre-inovacao-e-empreendedorismo-em-parceria-com-o-instituto-de-computacao-da-uff","status":"publish","type":"page","link":"http:\/\/poscardio.sites.uff.br\/?page_id=3905","title":{"rendered":"Inova\u00e7\u00e3o e Empreendedorismo na PGCCV"},"content":{"rendered":"\n<p class=\"has-medium-font-size\">Desde 2016, o PPGCCV oferece, sob a supervis\u00e3o do Prof. Claudio Tinoco Mesquita, a disciplina Inova\u00e7\u00e3o e Empreendedorismo, com o objetivo de:<\/p>\n\n\n\n<ul class=\"wp-block-list\"><li>capacitar alunos de p\u00f3s-gradua\u00e7\u00e3o a transformar suas ideias e os<br> resultados de suas pesquisas em produtos inovadores;<\/li><li>orientar e identificar tend\u00eancias globais e suas influ\u00eancias nas mudan\u00e7as comportamentais da sociedade e nas necessidades atuais da ci\u00eancia;<\/li><li>instrumentalizar os alunos com atitudes, comportamentos e t\u00e9cnicas para promover a pr\u00e1tica da inova\u00e7\u00e3o e elaborar um projeto aplicativo que visa propiciar a pr\u00e1tica da inova\u00e7\u00e3o e do empreendedorismo.<\/li><\/ul>\n\n\n\n<p class=\"has-medium-font-size\">Nesse semestre, a disciplina est\u00e1 sendo oferecida \u00e0s ter\u00e7as-feiras, no Hospital Universit\u00e1rio Antonio Pedro, e j\u00e1 contou com a participa\u00e7\u00e3o do Prof Evandro Tinoco Mesquita, que ministrou aula sobre Desenvolvimento de Lideran\u00e7as para Sa\u00fade 4.0., e do aluno de Doutorado do PPGCCV Erito Marques, que apresentou palestra sobre Intelig\u00eancia Artificial na \u00c1rea de Sa\u00fade. A disciplina ainda contar\u00e1 com a participa\u00e7\u00e3o dos professores  <br><em>Debora<\/em> <em>Muchaluat<\/em> e Flavio Seixas, ambos do Instituto de Computa\u00e7\u00e3o da UFF, que discutir\u00e3o as experi\u00eancias inovadoras de sucesso na \u00e1rea de Sa\u00fade e Computa\u00e7\u00e3o, bem como a transforma\u00e7\u00e3o de ideias em empresas atrav\u00e9s da cria\u00e7\u00e3o de Start Ups.   <\/p>\n\n\n\n<figure class=\"wp-block-image\"><img loading=\"lazy\" decoding=\"async\" width=\"1024\" height=\"1024\" src=\"http:\/\/poscardio.sites.uff.br\/wp-content\/uploads\/sites\/3\/2019\/05\/aula-erito-1024x1024.jpg\" alt=\"\" class=\"wp-image-3917\" srcset=\"http:\/\/poscardio.sites.uff.br\/wp-content\/uploads\/sites\/3\/2019\/05\/aula-erito-1024x1024.jpg 1024w, http:\/\/poscardio.sites.uff.br\/wp-content\/uploads\/sites\/3\/2019\/05\/aula-erito-150x150.jpg 150w, http:\/\/poscardio.sites.uff.br\/wp-content\/uploads\/sites\/3\/2019\/05\/aula-erito-300x300.jpg 300w, http:\/\/poscardio.sites.uff.br\/wp-content\/uploads\/sites\/3\/2019\/05\/aula-erito-768x768.jpg 768w\" sizes=\"auto, (max-width: 1024px) 100vw, 1024px\" \/><figcaption>Intelig\u00eancia Artificial em Sa\u00fade: Aula da P\u00f3s-Gradua\u00e7\u00e3o em Ci\u00eancias Cardiovasculares da UFF: Dr. Erito Marques faz uma apresenta\u00e7\u00e3o desafiadora!<\/figcaption><\/figure>\n\n\n\n<p class=\"has-medium-font-size\">Clique <a href=\"http:\/\/poscardio.sites.uff.br\/wp-content\/uploads\/sites\/3\/2019\/05\/Inova\u00e7\u00e3o-e-empreendedorismo-2019.pdf\">aqui<\/a> para acessar a programa\u00e7\u00e3o completa da disciplina nesse semestre.<\/p>\n\n\n\n<p class=\"has-medium-font-size\">Clique <a href=\"http:\/\/poscardio.sites.uff.br\/wp-content\/uploads\/sites\/3\/2019\/05\/Ementa-Inova\u00e7\u00e3o-e-empreendedorismo.pdf\">aqui<\/a> para ler a ementa da disciplina.<\/p>\n","protected":false},"excerpt":{"rendered":"<p>Desde 2016, o PPGCCV oferece, sob a supervis\u00e3o do Prof. Claudio Tinoco Mesquita, a disciplina Inova\u00e7\u00e3o e Empreendedorismo, com o objetivo de: capacitar alunos de p\u00f3s-gradua\u00e7\u00e3o a transformar suas ideias e os resultados de suas pesquisas em produtos inovadores; orientar e identificar tend\u00eancias globais e suas influ\u00eancias nas mudan\u00e7as comportamentais da sociedade e nas necessidades [&hellip;]<\/p>\n","protected":false},"author":3,"featured_media":3919,"parent":0,"menu_order":0,"comment_status":"closed","ping_status":"closed","template":"","meta":{"_exactmetrics_skip_tracking":false,"_exactmetrics_sitenote_active":false,"_exactmetrics_sitenote_note":"","_exactmetrics_sitenote_category":0,"footnotes":""},"categories":[2],"tags":[],"class_list":["post-3905","page","type-page","status-publish","has-post-thumbnail","hentry","category-destaques"],"_links":{"self":[{"href":"http:\/\/poscardio.sites.uff.br\/index.php?rest_route=\/wp\/v2\/pages\/3905","targetHints":{"allow":["GET"]}}],"collection":[{"href":"http:\/\/poscardio.sites.uff.br\/index.php?rest_route=\/wp\/v2\/pages"}],"about":[{"href":"http:\/\/poscardio.sites.uff.br\/index.php?rest_route=\/wp\/v2\/types\/page"}],"author":[{"embeddable":true,"href":"http:\/\/poscardio.sites.uff.br\/index.php?rest_route=\/wp\/v2\/users\/3"}],"replies":[{"embeddable":true,"href":"http:\/\/poscardio.sites.uff.br\/index.php?rest_route=%2Fwp%2Fv2%2Fcomments&post=3905"}],"version-history":[{"count":9,"href":"http:\/\/poscardio.sites.uff.br\/index.php?rest_route=\/wp\/v2\/pages\/3905\/revisions"}],"predecessor-version":[{"id":3918,"href":"http:\/\/poscardio.sites.uff.br\/index.php?rest_route=\/wp\/v2\/pages\/3905\/revisions\/3918"}],"wp:featuredmedia":[{"embeddable":true,"href":"http:\/\/poscardio.sites.uff.br\/index.php?rest_route=\/wp\/v2\/media\/3919"}],"wp:attachment":[{"href":"http:\/\/poscardio.sites.uff.br\/index.php?rest_route=%2Fwp%2Fv2%2Fmedia&parent=3905"}],"wp:term":[{"taxonomy":"category","embeddable":true,"href":"http:\/\/poscardio.sites.uff.br\/index.php?rest_route=%2Fwp%2Fv2%2Fcategories&post=3905"},{"taxonomy":"post_tag","embeddable":true,"href":"http:\/\/poscardio.sites.uff.br\/index.php?rest_route=%2Fwp%2Fv2%2Ftags&post=3905"}],"curies":[{"name":"wp","href":"https:\/\/api.w.org\/{rel}","templated":true}]}}