{"id":1101,"date":"2016-05-02T14:11:43","date_gmt":"2016-05-02T14:11:43","guid":{"rendered":"http:\/\/poscardio.sites.uff.br\/?page_id=1101"},"modified":"2016-05-02T14:11:43","modified_gmt":"2016-05-02T14:11:43","slug":"live-webinar-incorporating-clinical-and-ecg-findings-in-to-the-interpretation-and-reporting-of-mpi-may-11-2016","status":"publish","type":"page","link":"http:\/\/poscardio.sites.uff.br\/?page_id=1101","title":{"rendered":"Live Webinar: Incorporating Clinical and ECG Findings in to the Interpretation and Reporting of MPI &#8211; May 11, 2016"},"content":{"rendered":"<p>Live Webinar: Incorporating Clinical and ECG Findings in to the Interpretation and Reporting of MPI &#8211; May 11, 2016 at 9:00 PM PDT (60 minutes)<\/p>\n<p><a href=\"http:\/\/bit.ly\/1rn9VSq\" target=\"_blank\" rel=\"nofollow\">http:\/\/bit.ly\/1rn9VSq<\/a><\/p>\n<p>A Ag\u00eancia Internacional de Energia At\u00f4mica (AIEA) e a Sociedade Americana de Cardiologia Nuclear (ASNC por suas siglas em ingl\u00eas) apresentam o terceiro de uma s\u00e9rie de webinars gratuitos. Esses webinars s\u00e3o desenvolvidos para fornecer as melhores pr\u00e1ticas em Cardiologia Nuclear para cardiologistas, radiologista<span class=\"text_exposed_show\">s, tecn\u00f3logos e m\u00e9dicos da Medicina Nuclear.<\/span><\/p>\n<div class=\"text_exposed_show\">\n<p>Palestrante: David Wolinsky MD FACC MASNC<br \/>\nCleveland Clinic Florida<\/p>\n<p>Testes de esfor\u00e7o e capacidade funcional oferecem tanto informa\u00e7\u00f5es adjuvantes quanto independentes em pacientes submetidos a procedimentos MPI. Pacientes submetidos ao farmacol\u00f3gico podem apresentar anormalidades cl\u00ednicas e hemodin\u00e2micas. Todos esses resultados devem ser incorporados ao relat\u00f3rio final de um estudo sobre MPI. Esta apresenta\u00e7\u00e3o ajudar\u00e1 os cardiologistas nucleares a formularem interpreta\u00e7\u00f5es que incorporem todos os resultados de modo conciso e clinicamente relevante. Nenhum cr\u00e9dito CME ou CE \u00e9 fornecido para este evento.<\/p>\n<p>Inscreva-se:<\/p>\n<p><a href=\"http:\/\/eo2.commpartners.com\/users\/asnciaea\/session.php?id=17852\" target=\"_blank\" rel=\"nofollow\">http:\/\/eo2.commpartners.com\/users\/asnciaea\/session.php\u2026<\/a><\/p>\n<\/div>\n","protected":false},"excerpt":{"rendered":"<p>Live Webinar: Incorporating Clinical and ECG Findings in to the Interpretation and Reporting of MPI &#8211; May 11, 2016 at 9:00 PM PDT (60 minutes) http:\/\/bit.ly\/1rn9VSq A Ag\u00eancia Internacional de Energia At\u00f4mica (AIEA) e a Sociedade Americana de Cardiologia Nuclear (ASNC por suas siglas em ingl\u00eas) apresentam o terceiro de uma s\u00e9rie de webinars gratuitos. [&hellip;]<\/p>\n","protected":false},"author":3,"featured_media":399,"parent":0,"menu_order":0,"comment_status":"closed","ping_status":"closed","template":"","meta":{"_exactmetrics_skip_tracking":false,"_exactmetrics_sitenote_active":false,"_exactmetrics_sitenote_note":"","_exactmetrics_sitenote_category":0,"footnotes":""},"categories":[4],"tags":[163,164,35,40],"class_list":["post-1101","page","type-page","status-publish","has-post-thumbnail","hentry","category-noticias","tag-aiea","tag-asnc","tag-medicina-nuclear","tag-webinar"],"_links":{"self":[{"href":"http:\/\/poscardio.sites.uff.br\/index.php?rest_route=\/wp\/v2\/pages\/1101","targetHints":{"allow":["GET"]}}],"collection":[{"href":"http:\/\/poscardio.sites.uff.br\/index.php?rest_route=\/wp\/v2\/pages"}],"about":[{"href":"http:\/\/poscardio.sites.uff.br\/index.php?rest_route=\/wp\/v2\/types\/page"}],"author":[{"embeddable":true,"href":"http:\/\/poscardio.sites.uff.br\/index.php?rest_route=\/wp\/v2\/users\/3"}],"replies":[{"embeddable":true,"href":"http:\/\/poscardio.sites.uff.br\/index.php?rest_route=%2Fwp%2Fv2%2Fcomments&post=1101"}],"version-history":[{"count":1,"href":"http:\/\/poscardio.sites.uff.br\/index.php?rest_route=\/wp\/v2\/pages\/1101\/revisions"}],"predecessor-version":[{"id":1102,"href":"http:\/\/poscardio.sites.uff.br\/index.php?rest_route=\/wp\/v2\/pages\/1101\/revisions\/1102"}],"wp:featuredmedia":[{"embeddable":true,"href":"http:\/\/poscardio.sites.uff.br\/index.php?rest_route=\/wp\/v2\/media\/399"}],"wp:attachment":[{"href":"http:\/\/poscardio.sites.uff.br\/index.php?rest_route=%2Fwp%2Fv2%2Fmedia&parent=1101"}],"wp:term":[{"taxonomy":"category","embeddable":true,"href":"http:\/\/poscardio.sites.uff.br\/index.php?rest_route=%2Fwp%2Fv2%2Fcategories&post=1101"},{"taxonomy":"post_tag","embeddable":true,"href":"http:\/\/poscardio.sites.uff.br\/index.php?rest_route=%2Fwp%2Fv2%2Ftags&post=1101"}],"curies":[{"name":"wp","href":"https:\/\/api.w.org\/{rel}","templated":true}]}}