{"id":1046,"date":"2016-04-14T17:52:45","date_gmt":"2016-04-14T17:52:45","guid":{"rendered":"http:\/\/poscardio.sites.uff.br\/?page_id=1046"},"modified":"2024-11-21T21:46:46","modified_gmt":"2024-11-21T21:46:46","slug":"finep-disponibiliza-r-390-milhoes-em-dois-editais-para-icts","status":"publish","type":"page","link":"http:\/\/poscardio.sites.uff.br\/?page_id=1046","title":{"rendered":"Finep disponibiliza R$ 390 milh\u00f5es em dois editais para ICTs"},"content":{"rendered":"<p>A Finep lan\u00e7ou na segunda-feira, 4\/4\/2016, dois editais: o primeiro, voltado para Centros Nacionais \u00a0Multiusu\u00e1rios; o segundo, voltado para ICTs (Institutos de Ci\u00eancia e Tecnologia) do MCTI, totalizando R$ 390 milh\u00f5es, pelo per\u00edodo de 5 anos.<\/p>\n<p>Tamb\u00e9m est\u00e1 aberta uma outra chamada p\u00fablica MCTI\/FINEP\/FNDCT 01\/2016 \u2013 Zika com um valor total de R$ 30 milh\u00f5es.<\/p>\n<p>Para mais informa\u00e7\u00f5es ver edital Chamada P\u00fablica MCTI\/FINEP\/FNDCT 02\/2016 \u2013 Centros Nacionais Multiusu\u00e1rios, no endere\u00e7o<br \/>\n<a href=\"http:\/\/www.finep.gov.br\/chamadas-publicas\/chamadapublica\/595\" target=\"_blank\" rel=\"nofollow noopener\">http:\/\/www.finep.gov.br\/chamadas-publicas\/chamadapublica\/595<\/a><\/p>\n<p>O edital sobre o Zica v\u00edrus ir\u00e1 financiar despesas correntes, de capital, operacionais-administrativas e bolsas (ver detalhes)<\/p>\n<p><a href=\"http:\/\/www.finep.gov.br\/images\/chamadas-publicas\/2016\/MCTI-Finep-FNDCT_01-2016-ZIKA.pdf\">http:\/\/www.finep.gov.br\/images\/chamadas-publicas\/2016\/MCTI-Finep-FNDCT_01-2016-ZIKA.pdf<\/a><\/p>\n","protected":false},"excerpt":{"rendered":"<p>A Finep lan\u00e7ou na segunda-feira, 4\/4\/2016, dois editais: o primeiro, voltado para Centros Nacionais \u00a0Multiusu\u00e1rios; o segundo, voltado para ICTs (Institutos de Ci\u00eancia e Tecnologia) do MCTI, totalizando R$ 390 milh\u00f5es, pelo per\u00edodo de 5 anos. Tamb\u00e9m est\u00e1 aberta uma outra chamada p\u00fablica MCTI\/FINEP\/FNDCT 01\/2016 \u2013 Zika com um valor total de R$ 30 milh\u00f5es. [&hellip;]<\/p>\n","protected":false},"author":3,"featured_media":746,"parent":0,"menu_order":0,"comment_status":"closed","ping_status":"closed","template":"","meta":{"_exactmetrics_skip_tracking":false,"_exactmetrics_sitenote_active":false,"_exactmetrics_sitenote_note":"","_exactmetrics_sitenote_category":0,"footnotes":""},"categories":[4],"tags":[152,18,151],"class_list":["post-1046","page","type-page","status-publish","has-post-thumbnail","hentry","category-noticias","tag-chamada-publica","tag-editais","tag-finep"],"_links":{"self":[{"href":"http:\/\/poscardio.sites.uff.br\/index.php?rest_route=\/wp\/v2\/pages\/1046","targetHints":{"allow":["GET"]}}],"collection":[{"href":"http:\/\/poscardio.sites.uff.br\/index.php?rest_route=\/wp\/v2\/pages"}],"about":[{"href":"http:\/\/poscardio.sites.uff.br\/index.php?rest_route=\/wp\/v2\/types\/page"}],"author":[{"embeddable":true,"href":"http:\/\/poscardio.sites.uff.br\/index.php?rest_route=\/wp\/v2\/users\/3"}],"replies":[{"embeddable":true,"href":"http:\/\/poscardio.sites.uff.br\/index.php?rest_route=%2Fwp%2Fv2%2Fcomments&post=1046"}],"version-history":[{"count":3,"href":"http:\/\/poscardio.sites.uff.br\/index.php?rest_route=\/wp\/v2\/pages\/1046\/revisions"}],"predecessor-version":[{"id":7118,"href":"http:\/\/poscardio.sites.uff.br\/index.php?rest_route=\/wp\/v2\/pages\/1046\/revisions\/7118"}],"wp:featuredmedia":[{"embeddable":true,"href":"http:\/\/poscardio.sites.uff.br\/index.php?rest_route=\/wp\/v2\/media\/746"}],"wp:attachment":[{"href":"http:\/\/poscardio.sites.uff.br\/index.php?rest_route=%2Fwp%2Fv2%2Fmedia&parent=1046"}],"wp:term":[{"taxonomy":"category","embeddable":true,"href":"http:\/\/poscardio.sites.uff.br\/index.php?rest_route=%2Fwp%2Fv2%2Fcategories&post=1046"},{"taxonomy":"post_tag","embeddable":true,"href":"http:\/\/poscardio.sites.uff.br\/index.php?rest_route=%2Fwp%2Fv2%2Ftags&post=1046"}],"curies":[{"name":"wp","href":"https:\/\/api.w.org\/{rel}","templated":true}]}}